{"id":28173,"date":"2022-11-08T14:44:53","date_gmt":"2022-11-08T13:44:53","guid":{"rendered":"https:\/\/www.frisenvang.com\/vare\/grosse-tuechern-gewebt-aus-100-babyalpakawolle\/"},"modified":"2022-11-08T14:44:53","modified_gmt":"2022-11-08T13:44:53","slug":"grosse-tuechern-gewebt-aus-100-babyalpakawolle","status":"publish","type":"product","link":"https:\/\/www.frisenvang.com\/de\/vare\/grosse-tuechern-gewebt-aus-100-babyalpakawolle\/","title":{"rendered":"Gro\u00dfe T\u00fcchern gewebt aus 100% Babyalpakawolle"},"content":{"rendered":"<p>Unser Sortiment an klassischen, gewebten T\u00fcchern ist aus 100% Babyalpakawolle hergestellt. Kratzende T\u00fccher, die beim Schwitzen anfangen zu kratzen, sind Schnee von gestern &#8211; denn diese T\u00fccher sind sowohl weich und behaglich zu tragen.<\/p>\n<p>Die T\u00fcchern haben kleine Fransen, die aus guter und kr\u00e4ftiger Qualit\u00e4t bestehen.<\/p>\n<p><strong>Ma\u00dfe:<\/strong>\u00a0 70 cm x 200 cm<\/p>\n<p><strong>Gewicht<\/strong>: 300 gram<\/p>\n<p><strong>Material:<\/strong>100% Babyalpakawolle Feines, w\u00e4rmendes und weiches Material, kratzfrei.<\/p>\n<p>Die T\u00fcchern von Frisenvang werden Fairtrade in einer kleinen Weberei in Lima hergestellt.<\/p>\n<p><strong>Hinweise zum Reinigen<\/strong><\/p>\n<p>Alpakawolle hat einen selbstreinigenden Effekt, weshalb ein mehrst\u00fcndiges L\u00fcften des Kleidungsst\u00fcckes oft gen\u00fcgt um es wieder \u201eaufzufrischen\u201c.\u00a0Ist eine gr\u00fcndlichere Reinigung notwendig, muss das Tuch gereinigt und darf nicht gewaschen werden.<\/p>\n","protected":false},"excerpt":{"rendered":"<p>Gro\u00dfe T\u00fcchern aus 100% Babyalpakawolle. Fairtradeproduziert.<\/p>\n<p>Ma\u00dfe<strong>:<\/strong>\u00a0 70 cm x 200 cm<\/p>\n<p>Weitere Produktinformationen finden sie weiter unten.<\/p>\n","protected":false},"featured_media":27972,"comment_status":"closed","ping_status":"closed","template":"","meta":{"wds_primary_product_brand":0,"wds_primary_product_cat":0},"product_brand":[],"product_cat":[1115],"product_tag":[],"class_list":{"0":"post-28173","1":"product","2":"type-product","3":"status-publish","4":"has-post-thumbnail","6":"product_cat-plaids-schals-schlaege-tuecher","8":"first","9":"instock","10":"taxable","11":"shipping-taxable","12":"purchasable","13":"product-type-variable"},"_links":{"self":[{"href":"https:\/\/www.frisenvang.com\/de\/wp-json\/wp\/v2\/product\/28173","targetHints":{"allow":["GET"]}}],"collection":[{"href":"https:\/\/www.frisenvang.com\/de\/wp-json\/wp\/v2\/product"}],"about":[{"href":"https:\/\/www.frisenvang.com\/de\/wp-json\/wp\/v2\/types\/product"}],"replies":[{"embeddable":true,"href":"https:\/\/www.frisenvang.com\/de\/wp-json\/wp\/v2\/comments?post=28173"}],"wp:featuredmedia":[{"embeddable":true,"href":"https:\/\/www.frisenvang.com\/de\/wp-json\/wp\/v2\/media\/27972"}],"wp:attachment":[{"href":"https:\/\/www.frisenvang.com\/de\/wp-json\/wp\/v2\/media?parent=28173"}],"wp:term":[{"taxonomy":"product_brand","embeddable":true,"href":"https:\/\/www.frisenvang.com\/de\/wp-json\/wp\/v2\/product_brand?post=28173"},{"taxonomy":"product_cat","embeddable":true,"href":"https:\/\/www.frisenvang.com\/de\/wp-json\/wp\/v2\/product_cat?post=28173"},{"taxonomy":"product_tag","embeddable":true,"href":"https:\/\/www.frisenvang.com\/de\/wp-json\/wp\/v2\/product_tag?post=28173"}],"curies":[{"name":"wp","href":"https:\/\/api.w.org\/{rel}","templated":true}]}}