{"id":22746,"date":"2021-01-28T15:54:05","date_gmt":"2021-01-28T14:54:05","guid":{"rendered":"https:\/\/www.frisenvang.com\/?post_type=product&#038;p=22746"},"modified":"2023-04-23T05:42:17","modified_gmt":"2023-04-23T04:42:17","slug":"ankers-pullover-strickset-alpakawolle-2","status":"publish","type":"product","link":"https:\/\/www.frisenvang.com\/de\/vare\/ankers-pullover-strickset-alpakawolle-2\/","title":{"rendered":"Ankers Pullover Junior, Strickset mit 100% Alpakawolle"},"content":{"rendered":"<p>Dieser sch\u00f6ne Pullover Junior wurde von Petiteknit entworfen.<\/p>\n<p>Der Ankers Pullover Junior wird von oben nach unten gestrickt. Die Passe besteht aus Segmenten im Rippenmuster, gefolgt von klassischen Raglanzunahmen. Die \u00c4rmel werden zuletzt auf einem Nadelspiel oder mit der Magic Loop Methode gestrickt. Der Ankers Pullover Junior muss nicht zusammengen\u00e4ht werden.<\/p>\n<p>Das nachhaltige <a href=\"https:\/\/www.frisenvang.com\/de\/kategori\/alpaka-garne\/\">Alpakagarn<\/a> von Frisenvang ist handgesponnen und besteht zu 90-95% aus Baby-Alpakawolle und zu 5-10% aus \u00e4u\u00dferst exklusiver Royal-Alpakawolle. Das Garn ist nach \u00f6kologischen Verfahren produziert. Das Strickset beinhaltet Garne (Laufl\u00e4nge 250-300 m per 100 g) und Strickmuster f\u00fcr Ankers Pullover.<\/p>\n<p><strong>Gr\u00f6\u00dfen:<\/strong>\u00a08-9 (9-10) 10-12 (12-14 Jahre)<\/p>\n<p><strong>Brustumfang:<\/strong>\u00a078 (80) 86 (88) cm<\/p>\n<p><strong>L\u00e4nge:\u00a0<\/strong>Gesamtl\u00e4nge:\u00a048 (50) 51 (52)\u00a0cm<br \/>\n\u00c4rmell\u00e4nge:\u00a035 (37) 38 (40)cm<\/p>\n<p><strong>Empfohlene Nadeln:\u00a0<\/strong>Rundstricknadel 4 mm (40 oder 60 oder 80 cm); Nadelspiel 4 mm (wenn nicht mit der Magic Loop Methode gestrickt wird)<\/p>\n<p><strong>Schwierigkeitsgrad<\/strong>: \u2605 \u2605 (2 von 5).<\/p>\n<p><strong>Hinweis:<\/strong><\/p>\n<p>Frisenvangs Garn wird ohne Z\u00e4hler per Hand gesponnen, welches bedeutet, dass die Laufl\u00e4ngen nach Augenma\u00df gesch\u00e4tzt und nicht gemessen sind. Die angegebenen Laufl\u00e4nge k\u00f6nnen daher nicht zu 100% garantiert werden. Ebenfalls k\u00f6nnen zwischen den Garnproduktionsverl\u00e4ufen nat\u00fcrliche Nuancenunterschiede in den Farben der Garne auftauchen. Bei Frisenvang bem\u00fchen wir uns stets Ihre Bestellung soweit wie m\u00f6glich aus gleichm\u00e4\u00dfigen Garnkn\u00e4ueln zusammenzustellen. Da die Produkte von Natur aus Unikate sind, ist es uns leider nicht m\u00f6glich Waren aufgrund von Farb- oder Laufl\u00e4ngenunterschiede zu tauschen. Jedoch gibt es einige Stricktechniken, die eventuelle Unterschiede ausgleichen &#8211; diese lassen wir ihnen selbstverst\u00e4ndlich mit ihrer Bestellung schriftlich zukommen.<\/p>\n<p>Bitte beachten Sie dass sich die Pflanzenfarbe des Garns w\u00e4hrend des Strickens auf ihre H\u00e4nde abf\u00e4rben k\u00f6nnte. F\u00fcr die Farben von Frisenvangs Garnen werden ausschlie\u00dflich nat\u00fcrlichen Bindemittel aus Aluminium und Soda verwendet, die jedoch weniger effektiv als die konventionell verwendeten Farbbindemittel sind. Typischerweise f\u00e4rbt sich das Garn bei den ersten 2-3 W\u00e4schen ab, weshalb es zu empfehlen ist die Strickprodukte anfangs separat zu waschen. Weitere Ratschl\u00e4ge finden sie <a href=\"\/?page_id=20651\"><strong><u>hier<\/u><\/strong><\/a>. Aus diesem Grund empfehlen wir ebenfalls, dass beim Gebrauch des cremefarbenen Garns keine gef\u00e4rbten Garne zum Stricken von Mustern verwenden.<\/p>\n<p>Durch Ihren Kauf von Frisenvangs Naturgarnen helfen sie, die Lebensumst\u00e4nde der Familien in den Anden-Gebirgen zu verbessern. Erfahren sie mehr <a href=\"\/?page_id=20611\"><strong><u>hier<\/u><\/strong><\/a>.<\/p>\n","protected":false},"excerpt":{"rendered":"<p>Ankers Pullover Junior (8 bis 14 Jahre), Strickset aus 100% Alpakawolle.<\/p>\n<p>Das Garn ist nachhaltig, handgesponnen und nach \u00f6kologischen Verfahren produziert.<\/p>\n<p>Die Modelle auf den Fotos sind nicht in Frisenvang Garn gestrickt.<\/p>\n<p>Weitere Produktinformationen finden sie weiter unten.<\/p>\n","protected":false},"featured_media":28112,"comment_status":"closed","ping_status":"closed","template":"","meta":{"wds_primary_product_brand":0,"wds_primary_product_cat":0},"product_brand":[],"product_cat":[1117,1113],"product_tag":[],"class_list":{"0":"post-22746","1":"product","2":"type-product","3":"status-publish","4":"has-post-thumbnail","6":"product_cat-kinder-und-babystrick","7":"product_cat-stricksets","9":"first","10":"instock","11":"taxable","12":"shipping-taxable","13":"purchasable","14":"product-type-variable"},"_links":{"self":[{"href":"https:\/\/www.frisenvang.com\/de\/wp-json\/wp\/v2\/product\/22746","targetHints":{"allow":["GET"]}}],"collection":[{"href":"https:\/\/www.frisenvang.com\/de\/wp-json\/wp\/v2\/product"}],"about":[{"href":"https:\/\/www.frisenvang.com\/de\/wp-json\/wp\/v2\/types\/product"}],"replies":[{"embeddable":true,"href":"https:\/\/www.frisenvang.com\/de\/wp-json\/wp\/v2\/comments?post=22746"}],"wp:featuredmedia":[{"embeddable":true,"href":"https:\/\/www.frisenvang.com\/de\/wp-json\/wp\/v2\/media\/28112"}],"wp:attachment":[{"href":"https:\/\/www.frisenvang.com\/de\/wp-json\/wp\/v2\/media?parent=22746"}],"wp:term":[{"taxonomy":"product_brand","embeddable":true,"href":"https:\/\/www.frisenvang.com\/de\/wp-json\/wp\/v2\/product_brand?post=22746"},{"taxonomy":"product_cat","embeddable":true,"href":"https:\/\/www.frisenvang.com\/de\/wp-json\/wp\/v2\/product_cat?post=22746"},{"taxonomy":"product_tag","embeddable":true,"href":"https:\/\/www.frisenvang.com\/de\/wp-json\/wp\/v2\/product_tag?post=22746"}],"curies":[{"name":"wp","href":"https:\/\/api.w.org\/{rel}","templated":true}]}}