{"id":22641,"date":"2021-01-16T17:33:30","date_gmt":"2021-01-16T16:33:30","guid":{"rendered":"https:\/\/www.frisenvang.com\/?post_type=product&#038;p=22641"},"modified":"2023-04-23T05:47:46","modified_gmt":"2023-04-23T04:47:46","slug":"kleine-schwester-strampler-strickset-alpakawolle","status":"publish","type":"product","link":"https:\/\/www.frisenvang.com\/de\/vare\/kleine-schwester-strampler-strickset-alpakawolle\/","title":{"rendered":"Kleine Schwester Strampler, Strickset mit 100% alpakawolle"},"content":{"rendered":"<p>Der Kleine Schwester Strampler wurde von Petiteknit entworfen und wird von unten nach oben gestrickt. Zuerst wird die Vorderseite des Unterteils hin und zur\u00fcck in Reihen gestrickt, danach die R\u00fcckseite. Der Rumpf wird in Runden auf einer Rundstricknadel gestrickt, wonach Vorder- und R\u00fcckseite des Oberteils wieder separat gestrickt werden.<\/p>\n<p>Das nachhaltige <a href=\"https:\/\/www.frisenvang.com\/de\/kategori\/alpaka-garne\/\">Alpakagarn<\/a> von Frisenvang ist handgesponnen und besteht zu 90-95% aus Baby-Alpakawolle und zu 5-10% aus \u00e4u\u00dferst exklusiver Royal-Alpakawolle. Das Garn ist nach \u00f6kologischen Verfahren produziert. Das Strickset beinhaltet Garne (Laufl\u00e4nge 250-300 m per 100 g) und Strickmuster f\u00fcr kleine Schwester Strampler.<\/p>\n<p><strong>Gr\u00f6\u00dfen:<\/strong>\u00a00-1 (2-4) 4-6 (6-9) 9-12 (12-18) 18-24 Mon.<\/p>\n<p><strong>Breite:<\/strong>\u00a018 (20) 20 (22) 24 (24) 26 cm<\/p>\n<p><strong>L\u00e4nge:<\/strong>\u00a030 (33) 35 (36) 37 (38) 39 cm vom Schritt bis Oberkante Latz<\/p>\n<p><strong>Empfohlene Nadeln:\u00a0<\/strong>Rundstricknadel 3 mm (40 cm)<\/p>\n<p><strong>Hinweis:<\/strong><\/p>\n<p>Frisenvangs Garn wird ohne Z\u00e4hler per Hand gesponnen, welches bedeutet, dass die Laufl\u00e4ngen nach Augenma\u00df gesch\u00e4tzt und nicht gemessen sind. Die angegebenen Laufl\u00e4nge k\u00f6nnen daher nicht zu 100% garantiert werden. Ebenfalls k\u00f6nnen zwischen den Garnproduktionsverl\u00e4ufen nat\u00fcrliche Nuancenunterschiede in den Farben der Garne auftauchen. Bei Frisenvang bem\u00fchen wir uns stets Ihre Bestellung soweit wie m\u00f6glich aus gleichm\u00e4\u00dfigen Garnkn\u00e4ueln zusammenzustellen. Da die Produkte von Natur aus Unikate sind, ist es uns leider nicht m\u00f6glich Waren aufgrund von Farb- oder Laufl\u00e4ngenunterschiede zu tauschen. Jedoch gibt es einige Stricktechniken, die eventuelle Unterschiede ausgleichen &#8211; diese lassen wir ihnen selbstverst\u00e4ndlich mit ihrer Bestellung schriftlich zukommen.<\/p>\n<p>Bitte beachten Sie dass sich die Pflanzenfarbe des Garns w\u00e4hrend des Strickens auf ihre H\u00e4nde abf\u00e4rben k\u00f6nnte. F\u00fcr die Farben von Frisenvangs Garnen werden ausschlie\u00dflich nat\u00fcrlichen Bindemittel aus Aluminium und Soda verwendet, die jedoch weniger effektiv als die konventionell verwendeten Farbbindemittel sind. Typischerweise f\u00e4rbt sich das Garn bei den ersten 2-3 W\u00e4schen ab, weshalb es zu empfehlen ist die Strickprodukte anfangs separat zu waschen. Weitere Ratschl\u00e4ge finden sie <a href=\"\/?page_id=20651\"><strong><u>hier<\/u><\/strong><\/a>. Aus diesem Grund empfehlen wir ebenfalls, dass beim Gebrauch des cremefarbenen Garns keine gef\u00e4rbten Garne zum Stricken von Mustern verwenden.<\/p>\n<p>Durch Ihren Kauf von Frisenvangs Naturgarnen helfen sie, die Lebensumst\u00e4nde der Familien in den Anden-Gebirgen zu verbessern. Erfahren sie mehr <a href=\"\/?page_id=20611\"><strong><u>hier<\/u><\/strong><\/a>.<\/p>\n","protected":false},"excerpt":{"rendered":"<p>Kleine Schwester Strampler (0 bis 24 Mon), Strickset aus 100% Alpakawolle.<\/p>\n<p>Das Garn ist nachhaltig, handgesponnen und nach \u00f6kologischen Verfahren produziert.<\/p>\n<p>Die Modelle auf den Fotos sind nicht in Frisenvang Garn gestrickt<\/p>\n<p>Weitere Produktinformationen finden sie weiter unten.<\/p>\n","protected":false},"featured_media":22643,"comment_status":"closed","ping_status":"closed","template":"","meta":{"wds_primary_product_brand":0,"wds_primary_product_cat":0},"product_brand":[],"product_cat":[1117,1113],"product_tag":[],"class_list":{"0":"post-22641","1":"product","2":"type-product","3":"status-publish","4":"has-post-thumbnail","6":"product_cat-kinder-und-babystrick","7":"product_cat-stricksets","9":"first","10":"instock","11":"taxable","12":"shipping-taxable","13":"purchasable","14":"product-type-variable"},"_links":{"self":[{"href":"https:\/\/www.frisenvang.com\/de\/wp-json\/wp\/v2\/product\/22641","targetHints":{"allow":["GET"]}}],"collection":[{"href":"https:\/\/www.frisenvang.com\/de\/wp-json\/wp\/v2\/product"}],"about":[{"href":"https:\/\/www.frisenvang.com\/de\/wp-json\/wp\/v2\/types\/product"}],"replies":[{"embeddable":true,"href":"https:\/\/www.frisenvang.com\/de\/wp-json\/wp\/v2\/comments?post=22641"}],"wp:featuredmedia":[{"embeddable":true,"href":"https:\/\/www.frisenvang.com\/de\/wp-json\/wp\/v2\/media\/22643"}],"wp:attachment":[{"href":"https:\/\/www.frisenvang.com\/de\/wp-json\/wp\/v2\/media?parent=22641"}],"wp:term":[{"taxonomy":"product_brand","embeddable":true,"href":"https:\/\/www.frisenvang.com\/de\/wp-json\/wp\/v2\/product_brand?post=22641"},{"taxonomy":"product_cat","embeddable":true,"href":"https:\/\/www.frisenvang.com\/de\/wp-json\/wp\/v2\/product_cat?post=22641"},{"taxonomy":"product_tag","embeddable":true,"href":"https:\/\/www.frisenvang.com\/de\/wp-json\/wp\/v2\/product_tag?post=22641"}],"curies":[{"name":"wp","href":"https:\/\/api.w.org\/{rel}","templated":true}]}}