{"id":22468,"date":"2021-01-12T16:23:39","date_gmt":"2021-01-12T15:23:39","guid":{"rendered":"https:\/\/www.frisenvang.com\/?post_type=product&#038;p=22468"},"modified":"2023-04-23T05:49:54","modified_gmt":"2023-04-23T04:49:54","slug":"kein-schnickschnack-pullunder-strickset-mit-100-alpakawolle","status":"publish","type":"product","link":"https:\/\/www.frisenvang.com\/de\/vare\/kein-schnickschnack-pullunder-strickset-mit-100-alpakawolle\/","title":{"rendered":"Kein Schnickschnack Pullunder, Strickset mit 100% Alpakawolle"},"content":{"rendered":"<p>Diese sch\u00f6ne Pullunder wurde von Petiteknit entworfen.<\/p>\n<p>Kein Schnickschnack Pullover ist ein einfacher Raglanpullover mit sch\u00f6nem Halsausschnitt. Die Passform ist leicht oversize, aber sowohl die breiten Abschlussb\u00fcndchen als auch die k\u00fcrzere L\u00e4nge verleihen dem Pullover einen femininen Schnitt. Der Kein Schnickschnack Pullover wird von oben nach unten gestrickt und es wird empfohlen, dass der Pullover w\u00e4hrend des Strickens anprobiert wird, damit Rumpf und \u00c4rmel die f\u00fcr Dich perfekte L\u00e4nge haben. Wenn der Pullover seinen eng anliegenden Halsausschnitt behalten soll, kann ein d\u00fcnnes Gummiband durch das Abschlussb\u00fcndchen am Hals gezogen werden.<\/p>\n<p>Das nachhaltige Alpakagarn von Frisenvang ist handgesponnen und besteht zu 90-95% aus Baby-Alpakawolle und zu 5-10% aus \u00e4u\u00dferst exklusiver Royal-Alpakawolle. Das Garn ist nach \u00f6kologischen Verfahren produziert. Das Strickset beinhaltet Garne (Laufl\u00e4nge 250-300 m per 100 g) und Strickmuster f\u00fcr die Pullunder.<\/p>\n<p><strong>Gr\u00f6\u00dfenguide<\/strong><\/p>\n<p>Der Kein Schnickschnack Pullover sollte einen Bewegungsspielraum (<em>positive ease) <\/em>von 15 cm im Verh\u00e4ltnis zu Deinem Brustumfang haben. Die Gr\u00f6\u00dfen XS (S) M (L) XL (2XL) 3XL passen zu einem Brustumfang am K\u00f6rper von ca. 80-85 (85-90) 90-95 (95-100) 100-110 (110-120) 120-130 cm. Die Ma\u00dfe des fertigen Pullovers stehen auf der Vorderseite (beachte, dass diese Ma\u00dfe nur gelten, wenn die Maschenprobe eingehalten wird). Nimm von Deinem Brustumfang Ma\u00df (oder der breitesten Stelle an Deinem K\u00f6rper), bevor Du mit dem eigentlichen Stricken beginnst, um die Gr\u00f6\u00dfe zu ermitteln, die Dir am besten passt. Wenn Dein Brustumfang z.B. 93 cm betr\u00e4gt, solltest Du Gr\u00f6\u00dfe M w\u00e4hlen. Ein Pullover in M hat einen Brustumfang von 108 cm und h\u00e4tte in diesem Fall einen Bewegungsspielraum (<em>positive ease<\/em>) von 15 cm.<\/p>\n<p><strong>Gr\u00f6\u00dfen:<\/strong> XS (S) M (L) XL (2XL) 3XL<\/p>\n<p><strong>Brustumfang:<\/strong> 100 (104) 108 (114) 120 (130) 137 cm<\/p>\n<p><strong>L\u00e4nge mittig hinten:<\/strong> 52 (54) 55 (56) 58 (60) 62 cm<\/p>\n<p><strong>Empfohlene Nadeln:<\/strong> Rundstricknadel 3 mm und 4 mm (40 cm und 80 oder 100 cm), Nadelspiel 3 mm und 4 mm<\/p>\n<p><strong>Schwierigkeitsgrad<\/strong>: \u2605 \u2605 \u2605 (3 von 5).<\/p>\n<p><strong>Hinweis:<\/strong><\/p>\n<p>Frisenvangs Garn wird ohne Z\u00e4hler per Hand gesponnen, welches bedeutet, dass die Laufl\u00e4ngen nach Augenma\u00df gesch\u00e4tzt und nicht gemessen sind. Die angegebenen Laufl\u00e4nge k\u00f6nnen daher nicht zu 100% garantiert werden. Ebenfalls k\u00f6nnen zwischen den Garnproduktionsverl\u00e4ufen nat\u00fcrliche Nuancenunterschiede in den Farben der Garne auftauchen. Bei Frisenvang bem\u00fchen wir uns stets Ihre Bestellung soweit wie m\u00f6glich aus gleichm\u00e4\u00dfigen Garnkn\u00e4ueln zusammenzustellen. Da die Produkte von Natur aus Unikate sind, ist es uns leider nicht m\u00f6glich Waren aufgrund von Farb- oder Laufl\u00e4ngenunterschiede zu tauschen. Jedoch gibt es einige Stricktechniken, die eventuelle Unterschiede ausgleichen &#8211; diese lassen wir ihnen selbstverst\u00e4ndlich mit ihrer Bestellung schriftlich zukommen.<\/p>\n<p>Bitte beachten Sie dass sich die Pflanzenfarbe des Garns w\u00e4hrend des Strickens auf ihre H\u00e4nde abf\u00e4rben k\u00f6nnte. F\u00fcr die Farben von Frisenvangs Garnen werden ausschlie\u00dflich nat\u00fcrlichen Bindemittel aus Aluminium und Soda verwendet, die jedoch weniger effektiv als die konventionell verwendeten Farbbindemittel sind. Typischerweise f\u00e4rbt sich das Garn bei den ersten 2-3 W\u00e4schen ab, weshalb es zu empfehlen ist die Strickprodukte anfangs separat zu waschen. Weitere Ratschl\u00e4ge finden sie <a href=\"\/?page_id=20651\"><strong><u>hier<\/u><\/strong><\/a>. Aus diesem Grund empfehlen wir ebenfalls, dass beim Gebrauch des cremefarbenen Garns keine gef\u00e4rbten Garne zum Stricken von Mustern verwenden.<\/p>\n<p>Durch Ihren Kauf von Frisenvangs Naturgarnen helfen sie, die Lebensumst\u00e4nde der Familien in den Anden-Gebirgen zu verbessern. Erfahren sie mehr <a href=\"\/?page_id=20611\"><strong><u>hier<\/u><\/strong><\/a>.<\/p>\n","protected":false},"excerpt":{"rendered":"<p>Kein Schnickschnack Pullunder. Strickset aus 100% Alpakawolle. Das Garn ist nachhaltig, handgesponnen und nach \u00f6kologischen Verfahren produziert.<\/p>\n<p>Die Modelle auf den Fotos sind nicht in Frisenvang Garn gestrickt<\/p>\n<p>Weitere Produktinformationen finden sie weiter unten.<\/p>\n","protected":false},"featured_media":26959,"comment_status":"open","ping_status":"closed","template":"","meta":{"wds_primary_product_brand":0,"wds_primary_product_cat":0},"product_brand":[],"product_cat":[1121],"product_tag":[],"class_list":{"0":"post-22468","1":"product","2":"type-product","3":"status-publish","4":"has-post-thumbnail","6":"product_cat-strickset-fuer-erwachsene-strickset","8":"first","9":"instock","10":"taxable","11":"shipping-taxable","12":"purchasable","13":"product-type-variable"},"_links":{"self":[{"href":"https:\/\/www.frisenvang.com\/de\/wp-json\/wp\/v2\/product\/22468","targetHints":{"allow":["GET"]}}],"collection":[{"href":"https:\/\/www.frisenvang.com\/de\/wp-json\/wp\/v2\/product"}],"about":[{"href":"https:\/\/www.frisenvang.com\/de\/wp-json\/wp\/v2\/types\/product"}],"replies":[{"embeddable":true,"href":"https:\/\/www.frisenvang.com\/de\/wp-json\/wp\/v2\/comments?post=22468"}],"wp:featuredmedia":[{"embeddable":true,"href":"https:\/\/www.frisenvang.com\/de\/wp-json\/wp\/v2\/media\/26959"}],"wp:attachment":[{"href":"https:\/\/www.frisenvang.com\/de\/wp-json\/wp\/v2\/media?parent=22468"}],"wp:term":[{"taxonomy":"product_brand","embeddable":true,"href":"https:\/\/www.frisenvang.com\/de\/wp-json\/wp\/v2\/product_brand?post=22468"},{"taxonomy":"product_cat","embeddable":true,"href":"https:\/\/www.frisenvang.com\/de\/wp-json\/wp\/v2\/product_cat?post=22468"},{"taxonomy":"product_tag","embeddable":true,"href":"https:\/\/www.frisenvang.com\/de\/wp-json\/wp\/v2\/product_tag?post=22468"}],"curies":[{"name":"wp","href":"https:\/\/api.w.org\/{rel}","templated":true}]}}