{"id":22359,"date":"2020-11-20T13:03:27","date_gmt":"2020-11-20T12:03:27","guid":{"rendered":"https:\/\/www.frisenvang.com\/?post_type=product&#038;p=22359"},"modified":"2021-01-06T08:36:15","modified_gmt":"2021-01-06T07:36:15","slug":"petiteknit-ballonjacke-strickset-alpakawolle","status":"publish","type":"product","link":"https:\/\/www.frisenvang.com\/de\/vare\/petiteknit-ballonjacke-strickset-alpakawolle\/","title":{"rendered":"Petiteknit Ballonjacke, Strickset mit 100% Alpakawolle"},"content":{"rendered":"<p>Diese sch\u00f6ne Jacke wurde von Petiteknit entworfen.<\/p>\n<p>Die Ballonjacke ist eine oversize Strickjacke mit gro\u00dfen Ballon\u00e4rmeln. F\u00fcr kalte Wintertage oder als \u00dcbergangsjacke im Fr\u00fchjahr und Herbst ist die Jacke geradezu perfekt.<\/p>\n<p>Das nachhaltige <a href=\"https:\/\/www.frisenvang.com\/de\/kategori\/alpaka-garne\/\">Alpakagarn<\/a> von Frisenvang ist handgesponnen und besteht zu 90-95% aus Baby-Alpakawolle und zu 5-10% aus \u00e4u\u00dferst exklusiver Royal-Alpakawolle. Das Garn ist nach \u00f6kologischen Verfahren produziert. Das Strickset beinhaltet Garne (Laufl\u00e4nge 110-140 m per 100 g) und Strickmuster f\u00fcr die Jacke.<\/p>\n<p>Die Ballonjacke wird von unten nach oben kraus rechts mit B\u00fcndchenabschl\u00fcssen gestrickt. K\u00f6rper und \u00c4rmel werden separat gestrickt\u00a0und am Ende\u00a0zusammengen\u00e4ht.<\/p>\n<p>Die Ballonjacke gibt beim Tragen noch etwas in der L\u00e4nge nach.<\/p>\n<p><strong>Gr\u00f6\u00dfen:\u00a0<\/strong>XS (S) M (L) XL<\/p>\n<p><strong>Ma\u00dfe:<\/strong><\/p>\n<p>Breite: 58 (61) 65 (69) 74 cm<\/p>\n<p>Komplette L\u00e4nge: 64 (65) 67 (70) 73 cm<\/p>\n<p><strong>Maschenprobe:\u00a0<\/strong>13,5 Maschen\u00a0x 23 Reihen kraus re = 10 x 10 cm<\/p>\n<p><strong>Empfohlene Nadeln:\u00a0<\/strong>Rundstricknadel 7 mm und 6 mm (100 und 60 cm) (fertige zuerst eine Maschenprobe an, um die korrekte Nadelst\u00e4rke zu ermitteln)<\/p>\n<p><strong>Schwierigkeitsgrad<\/strong>: \u2605 \u2605 \u2605 (3 von 5).<\/p>\n<p><strong>Hinweis:<\/strong><\/p>\n<p>Frisenvangs Garn wird ohne Z\u00e4hler per Hand gesponnen, welches bedeutet, dass die Laufl\u00e4ngen nach Augenma\u00df gesch\u00e4tzt und nicht gemessen sind. Die angegebenen Laufl\u00e4nge k\u00f6nnen daher nicht zu 100% garantiert werden. Ebenfalls k\u00f6nnen zwischen den Garnproduktionsverl\u00e4ufen nat\u00fcrliche Nuancenunterschiede in den Farben der Garne auftauchen. Bei Frisenvang bem\u00fchen wir uns stets Ihre Bestellung soweit wie m\u00f6glich aus gleichm\u00e4\u00dfigen Garnkn\u00e4ueln zusammenzustellen. Da die Produkte von Natur aus Unikate sind, ist es uns leider nicht m\u00f6glich Waren aufgrund von Farb- oder Laufl\u00e4ngenunterschiede zu tauschen. Jedoch gibt es einige Stricktechniken, die eventuelle Unterschiede ausgleichen &#8211; diese lassen wir ihnen selbstverst\u00e4ndlich mit ihrer Bestellung schriftlich zukommen.<\/p>\n<p>Bitte beachten Sie dass sich die Pflanzenfarbe des Garns w\u00e4hrend des Strickens auf ihre H\u00e4nde abf\u00e4rben k\u00f6nnte. F\u00fcr die Farben von Frisenvangs Garnen werden ausschlie\u00dflich nat\u00fcrlichen Bindemittel aus Aluminium und Soda verwendet, die jedoch weniger effektiv als die konventionell verwendeten Farbbindemittel sind. Typischerweise f\u00e4rbt sich das Garn bei den ersten 2-3 W\u00e4schen ab, weshalb es zu empfehlen ist die Strickprodukte anfangs separat zu waschen. Weitere Ratschl\u00e4ge finden sie <a href=\"\/?page_id=20651\"><strong><u>hier<\/u><\/strong><\/a>. Aus diesem Grund empfehlen wir ebenfalls, dass beim Gebrauch des cremefarbenen Garns keine gef\u00e4rbten Garne zum Stricken von Mustern verwenden.<\/p>\n<p>Durch Ihren Kauf von Frisenvangs Naturgarnen helfen sie, die Lebensumst\u00e4nde der Familien in den Anden-Gebirgen zu verbessern. Erfahren sie mehr <a href=\"\/?page_id=20611\"><strong><u>hier<\/u><\/strong><\/a>.<\/p>\n","protected":false},"excerpt":{"rendered":"<p>Petitknit Ballonjacke, Strickset aus 100% Alpakawolle.<\/p>\n<p>Das Garn ist nachhaltig, handgesponnen und nach \u00f6kologischen Verfahren produziert.<\/p>\n<p>Weitere Produktinformationen finden sie weiter unten.<\/p>\n<p>&nbsp;<\/p>\n","protected":false},"featured_media":27041,"comment_status":"closed","ping_status":"closed","template":"","meta":{"wds_primary_product_brand":0,"wds_primary_product_cat":0},"product_brand":[],"product_cat":[1121,1113],"product_tag":[],"class_list":{"0":"post-22359","1":"product","2":"type-product","3":"status-publish","4":"has-post-thumbnail","6":"product_cat-strickset-fuer-erwachsene-strickset","7":"product_cat-stricksets","9":"first","10":"instock","11":"taxable","12":"shipping-taxable","13":"purchasable","14":"product-type-variable"},"_links":{"self":[{"href":"https:\/\/www.frisenvang.com\/de\/wp-json\/wp\/v2\/product\/22359","targetHints":{"allow":["GET"]}}],"collection":[{"href":"https:\/\/www.frisenvang.com\/de\/wp-json\/wp\/v2\/product"}],"about":[{"href":"https:\/\/www.frisenvang.com\/de\/wp-json\/wp\/v2\/types\/product"}],"replies":[{"embeddable":true,"href":"https:\/\/www.frisenvang.com\/de\/wp-json\/wp\/v2\/comments?post=22359"}],"wp:featuredmedia":[{"embeddable":true,"href":"https:\/\/www.frisenvang.com\/de\/wp-json\/wp\/v2\/media\/27041"}],"wp:attachment":[{"href":"https:\/\/www.frisenvang.com\/de\/wp-json\/wp\/v2\/media?parent=22359"}],"wp:term":[{"taxonomy":"product_brand","embeddable":true,"href":"https:\/\/www.frisenvang.com\/de\/wp-json\/wp\/v2\/product_brand?post=22359"},{"taxonomy":"product_cat","embeddable":true,"href":"https:\/\/www.frisenvang.com\/de\/wp-json\/wp\/v2\/product_cat?post=22359"},{"taxonomy":"product_tag","embeddable":true,"href":"https:\/\/www.frisenvang.com\/de\/wp-json\/wp\/v2\/product_tag?post=22359"}],"curies":[{"name":"wp","href":"https:\/\/api.w.org\/{rel}","templated":true}]}}