{"id":21581,"date":"2020-10-27T08:10:41","date_gmt":"2020-10-27T07:10:41","guid":{"rendered":"https:\/\/www.frisenvang.com\/?post_type=product&#038;p=21581"},"modified":"2021-01-15T15:29:43","modified_gmt":"2021-01-15T14:29:43","slug":"stockholm-pullunder-strickset-alpakawolle","status":"publish","type":"product","link":"https:\/\/www.frisenvang.com\/de\/vare\/stockholm-pullunder-strickset-alpakawolle\/","title":{"rendered":"Stockholm Pullunder, Strickset mit Strickanleitung und 100% Alpakawolle"},"content":{"rendered":"<p>Diese sch\u00f6ne Pullunder wurde von Petiteknit entworfen.<\/p>\n<p>Der Stockholm Pullunder wird von oben nach unten gestrickt, zuerst die R\u00fcckseite, danach Schultern und Vorderseite, zuletzt der Rumpf. Die Schulterneigung des Stockholm Pullunders wird mit Hilfe von verk\u00fcrzten Reihen gearbeitet, so dass er an den Schultern ausgezeichnet anliegt. Entlang des Halsausschnittes und um die Armausschnitte herum werden zuletzt B\u00fcndchenabschlusskanten gestrickt, die mit der italienischen Methode abgekettet werden.<\/p>\n<p>Das nachhaltige Alpakagarn von Frisenvang ist handgesponnen und besteht zu 90-95% aus Baby-Alpakawolle und zu 5-10% aus \u00e4u\u00dferst exklusiver Royal-Alpakawolle. Das Garn ist nach \u00f6kologischen Verfahren produziert. Das Strickset beinhaltet Garne (Laufl\u00e4nge 250-300 m per 100 g) und Strickmuster f\u00fcr die Pullunder. Stockholm Pullunder StrickSet f\u00fcr 1 bis 7 Jahre finden sie <a href=\"https:\/\/www.frisenvang.com\/de\/vare\/stockholm-pullunder-mini-strickset-alpakawolle\/\">hier<\/a> und f\u00fcr 7-14 Jahre finden Sie <a href=\"https:\/\/www.frisenvang.com\/de\/vare\/stockholm-pullunder-junior-strickset-alpakawolle-2\/\">hier<\/a><\/p>\n<p><strong>Gr\u00f6\u00dfen: <\/strong>XS (S) M (L) XL (2XL) 3XL (4XL) 5XL<\/p>\n<p><strong>Ma\u00dfe Pullunder:<\/strong> Brustumfang: 91 (96) 100 (105) 116 (126) 136 (146) 156 cm<\/p>\n<p>Schulterbreite inkl. B\u00fcndchen: 35 (35) 36 (38) 40 (41) 42 (42) 44 cm<\/p>\n<p>Armausschnitttiefe: 22 (23) 24 (25) 26 (27) 29 (29) 31 cm<\/p>\n<p>L\u00e4nge: 53 (54) 55 (57) 58 (60) 62 (64) 65 cm gemessen mittig hinten inkl. B\u00fcndchenabschlusskante am Hals<\/p>\n<p><strong>Schwierigkeitsgrad<\/strong>: \u2605 \u2605\u00a0\u2605\u00a0\u2605 (4 von 5).<\/p>\n<p><strong>Hinweis:<\/strong><\/p>\n<p>Frisenvangs Garn wird ohne Z\u00e4hler per Hand gesponnen, welches bedeutet, dass die Laufl\u00e4ngen nach Augenma\u00df gesch\u00e4tzt und nicht gemessen sind. Die angegebenen Laufl\u00e4nge k\u00f6nnen daher nicht zu 100% garantiert werden. Ebenfalls k\u00f6nnen zwischen den Garnproduktionsverl\u00e4ufen nat\u00fcrliche Nuancenunterschiede in den Farben der Garne auftauchen. Bei Frisenvang bem\u00fchen wir uns stets Ihre Bestellung soweit wie m\u00f6glich aus gleichm\u00e4\u00dfigen Garnkn\u00e4ueln zusammenzustellen. Da die Produkte von Natur aus Unikate sind, ist es uns leider nicht m\u00f6glich Waren aufgrund von Farb- oder Laufl\u00e4ngenunterschiede zu tauschen. Jedoch gibt es einige Stricktechniken, die eventuelle Unterschiede ausgleichen &#8211; diese lassen wir ihnen selbstverst\u00e4ndlich mit ihrer Bestellung schriftlich zukommen.<\/p>\n<p>Bitte beachten Sie dass sich die Pflanzenfarbe des Garns w\u00e4hrend des Strickens auf ihre H\u00e4nde abf\u00e4rben k\u00f6nnte. F\u00fcr die Farben von Frisenvangs Garnen werden ausschlie\u00dflich nat\u00fcrlichen Bindemittel aus Aluminium und Soda verwendet, die jedoch weniger effektiv als die konventionell verwendeten Farbbindemittel sind. Typischerweise f\u00e4rbt sich das Garn bei den ersten 2-3 W\u00e4schen ab, weshalb es zu empfehlen ist die Strickprodukte anfangs separat zu waschen. Weitere Ratschl\u00e4ge finden sie <a href=\"\/?page_id=20651\"><strong><u>hier<\/u><\/strong><\/a>. Aus diesem Grund empfehlen wir ebenfalls, dass beim Gebrauch des cremefarbenen Garns keine gef\u00e4rbten Garne zum Stricken von Mustern verwenden.<\/p>\n<p>Durch Ihren Kauf von Frisenvangs Naturgarnen helfen sie, die Lebensumst\u00e4nde der Familien in den Anden-Gebirgen zu verbessern. Erfahren sie mehr <a href=\"\/?page_id=20611\"><strong><u>hier<\/u><\/strong><\/a>.<\/p>\n","protected":false},"excerpt":{"rendered":"<p>Stockholm Pullunder, Strickset aus 100% Alpakawolle. Das Garn ist nachhaltig, handgesponnen und nach \u00f6kologischen Verfahren produziert.<\/p>\n<p>Weitere Produktinformationen finden sie weiter unten.<\/p>\n","protected":false},"featured_media":26984,"comment_status":"open","ping_status":"closed","template":"","meta":{"wds_primary_product_brand":0,"wds_primary_product_cat":0},"product_brand":[],"product_cat":[1121],"product_tag":[],"class_list":{"0":"post-21581","1":"product","2":"type-product","3":"status-publish","4":"has-post-thumbnail","6":"product_cat-strickset-fuer-erwachsene-strickset","8":"first","9":"instock","10":"taxable","11":"shipping-taxable","12":"purchasable","13":"product-type-variable"},"_links":{"self":[{"href":"https:\/\/www.frisenvang.com\/de\/wp-json\/wp\/v2\/product\/21581","targetHints":{"allow":["GET"]}}],"collection":[{"href":"https:\/\/www.frisenvang.com\/de\/wp-json\/wp\/v2\/product"}],"about":[{"href":"https:\/\/www.frisenvang.com\/de\/wp-json\/wp\/v2\/types\/product"}],"replies":[{"embeddable":true,"href":"https:\/\/www.frisenvang.com\/de\/wp-json\/wp\/v2\/comments?post=21581"}],"wp:featuredmedia":[{"embeddable":true,"href":"https:\/\/www.frisenvang.com\/de\/wp-json\/wp\/v2\/media\/26984"}],"wp:attachment":[{"href":"https:\/\/www.frisenvang.com\/de\/wp-json\/wp\/v2\/media?parent=21581"}],"wp:term":[{"taxonomy":"product_brand","embeddable":true,"href":"https:\/\/www.frisenvang.com\/de\/wp-json\/wp\/v2\/product_brand?post=21581"},{"taxonomy":"product_cat","embeddable":true,"href":"https:\/\/www.frisenvang.com\/de\/wp-json\/wp\/v2\/product_cat?post=21581"},{"taxonomy":"product_tag","embeddable":true,"href":"https:\/\/www.frisenvang.com\/de\/wp-json\/wp\/v2\/product_tag?post=21581"}],"curies":[{"name":"wp","href":"https:\/\/api.w.org\/{rel}","templated":true}]}}