{"id":21410,"date":"2020-02-25T12:12:30","date_gmt":"2020-10-16T09:54:13","guid":{"rendered":"https:\/\/www.frisenvang.com\/?post_type=product&#038;p=21410"},"modified":"2020-10-16T10:54:14","modified_gmt":"2020-10-16T09:54:14","slug":"motivkarten-10-stk-alpakas-und-ihre-zuechter","status":"publish","type":"product","link":"https:\/\/www.frisenvang.com\/de\/vare\/motivkarten-10-stk-alpakas-und-ihre-zuechter\/","title":{"rendered":"Motivkarten (10 stk.) &#8211; Alpakas und ihre Z\u00fcchter"},"content":{"rendered":"<p>Wundersch\u00f6ne Karten mit Motiven von den Alpakaz\u00fcchtern aus den Anden-Gebirge in Peru.<\/p>\n<p>Ein Set beinhaltet 10 Karten (15 x 10.5 cm),welche aus kr\u00e4ftigen, qualitativen Naturpapier hergestellt ist. Die R\u00fcckseite ist gut zum Beschreiben geeignet z.B. als Gru\u00df beim Verschenken der Wolle.<\/p>\n<p>Beschreibung:<\/p>\n<p>Die Motive zeigen die f\u00fcnf besten Fotos, die Frisenvang unter den zahlreichen Besuchen bei den Alpakaz\u00fcchtern in den Anden aufgenommen hat.<\/p>\n<p>Die Bilder sind auf Naturpapier bedruckt, welche den Fotografien einen h\u00fcbschen, matten Ton verleiht. Die R\u00fcckseite der Karten ist zum Beschreiben gut geeignet. Die Karten k\u00f6nnen beispielsweise als Gru\u00dfkarte an Familie, Freunde und Bekannte, oder einfach als Lesezeichen, verwendet werden.<\/p>\n<p>Es gibt f\u00fcnf verschiedene Motive, die im 10er Set verkauft werden &#8211; jedes Motiv ist zweimal in einem Set vorhanden.<\/p>\n<p>Anmerkung! Die Fotos auf der Website geben die Kartenmotive wieder, erscheinen aber bedruckt auf dem Naturpapier in matteren Farben.<\/p>\n<p>Fotografen: Line Frisenvang Svare, Marianne Frisenvang<\/p>\n","protected":false},"excerpt":{"rendered":"<p>Wundersch\u00f6ne Karten mit Motiven von den Alpakaz\u00fcchtern aus den Anden-Gebirge in Peru.<\/p>\n<p>Ein Set beinhaltet 10 Karten (15 x 10.5 cm),welche aus kr\u00e4ftigen, qualitativen Naturpapier hergestellt ist.<\/p>\n","protected":false},"featured_media":20735,"comment_status":"closed","ping_status":"closed","template":"","meta":{"wds_primary_product_brand":0,"wds_primary_product_cat":0},"product_brand":[],"product_cat":[1167],"product_tag":[],"class_list":{"0":"post-21410","1":"product","2":"type-product","3":"status-publish","4":"has-post-thumbnail","6":"product_cat-postkarte","8":"first","9":"instock","10":"taxable","11":"shipping-taxable","12":"purchasable","13":"product-type-simple"},"_links":{"self":[{"href":"https:\/\/www.frisenvang.com\/de\/wp-json\/wp\/v2\/product\/21410","targetHints":{"allow":["GET"]}}],"collection":[{"href":"https:\/\/www.frisenvang.com\/de\/wp-json\/wp\/v2\/product"}],"about":[{"href":"https:\/\/www.frisenvang.com\/de\/wp-json\/wp\/v2\/types\/product"}],"replies":[{"embeddable":true,"href":"https:\/\/www.frisenvang.com\/de\/wp-json\/wp\/v2\/comments?post=21410"}],"wp:featuredmedia":[{"embeddable":true,"href":"https:\/\/www.frisenvang.com\/de\/wp-json\/wp\/v2\/media\/20735"}],"wp:attachment":[{"href":"https:\/\/www.frisenvang.com\/de\/wp-json\/wp\/v2\/media?parent=21410"}],"wp:term":[{"taxonomy":"product_brand","embeddable":true,"href":"https:\/\/www.frisenvang.com\/de\/wp-json\/wp\/v2\/product_brand?post=21410"},{"taxonomy":"product_cat","embeddable":true,"href":"https:\/\/www.frisenvang.com\/de\/wp-json\/wp\/v2\/product_cat?post=21410"},{"taxonomy":"product_tag","embeddable":true,"href":"https:\/\/www.frisenvang.com\/de\/wp-json\/wp\/v2\/product_tag?post=21410"}],"curies":[{"name":"wp","href":"https:\/\/api.w.org\/{rel}","templated":true}]}}