{"id":20301,"date":"2016-02-03T17:15:01","date_gmt":"2016-02-03T16:15:01","guid":{"rendered":"https:\/\/www.frisenvang.com\/?post_type=product&#038;p=20301"},"modified":"2024-01-17T20:29:42","modified_gmt":"2024-01-17T19:29:42","slug":"schwarzes-naturfarbenes-garn","status":"publish","type":"product","link":"https:\/\/www.frisenvang.com\/de\/vare\/schwarzes-naturfarbenes-garn\/","title":{"rendered":"Schwarzes Garn &#8211;  Handgesponnen, naturfarbenes aus 100% Alpakawolle"},"content":{"rendered":"<p>Das nachhaltige Alpakagarn von Frisenvang ist handgesponnen und besteht zu 90-95% aus Baby-Alpakawolle und zu 5-10% aus \u00e4u\u00dferstexklusiver Royal-Alpakawolle. Das Garn ist nach \u00f6kologischen Verfahren produziert.<\/p>\n<p>Die schwarze Naturfarbe des Garns ist atemberaubend. Es ist nicht gef\u00e4rbt, sondern besitzt die naturechte Farbe des Alpakas von dem es stammt. Dieses Naturschwarz ist kein einfaches Pechschwarz &#8211; es erinnert eher an die wohlgesonnene Farbe eines starken Kaffes.<\/p>\n<p>Dieses handgesponnene Strickgarn ist von hoher Qualit\u00e4t und wie Frisenvangs gesamtes Garnsortiment, wurde das schwarze Garn direkt bei den talentierten Handarbeiterinnen in Marcapata in Peru produziert und gekauft.<\/p>\n<p>Die Garne werden in 100 g Kn\u00e4ueln geliefert.<\/p>\n<p>Das schwarze Garn ist in verschiedenen Laufl\u00e4ngen erh\u00e4ltlich:<\/p>\n<p><strong>Laufl\u00e4nge ca. 450-500 m per 100 g<\/strong><\/p>\n<p><strong>Maschenprobe:<\/strong><\/p>\n<p>Nadelst\u00e4rke 2 \u00bd: \u00a030 M x 37 R = 10 x 10 cm<\/p>\n<p>Nadelst\u00e4rke 3:\u00a0\u00a0\u00a0\u00a0\u00a0 28 M x 35 R = 10 x 10 cm<\/p>\n<p>Nadelst\u00e4rke 3\u00bd:\u00a0 \u00a026 M x 33 R = 10\u00d710 cm<\/p>\n<p>Nadelst\u00e4rke 4:\u00a0\u00a0\u00a0\u00a0 \u00a024 M x 30 R = 10 x 10 cm<\/p>\n<p><strong>Laufl\u00e4nge ca. 350-400 m per 100 g<\/strong><\/p>\n<p><strong>Maschenprobe:<\/strong><\/p>\n<p>Nadelst\u00e4rke 2 \u00bd: \u00a028 M x 34 R = 10 x 10 cm<\/p>\n<p>Nadelst\u00e4rke 3:\u00a0\u00a0\u00a0\u00a0\u00a0 26 M x 32 R = 10 x 10 cm<\/p>\n<p>Nadelst\u00e4rke 3\u00bd:\u00a0 \u00a023 M x 30 R = 10\u00d710 cm<\/p>\n<p>Nadelst\u00e4rke 4:\u00a0\u00a0\u00a0\u00a0 \u00a021 M x 28 R = 10 x 10 cm<\/p>\n<p><strong>Laufl\u00e4nge ca. 250-300 m per 100 g<\/strong><\/p>\n<p><strong>Maschenprobe:<\/strong><br \/>\nNadelst\u00e4rke 3\u00bd:\u00a0 \u00a026 M x 35 R = 10\u00d710 cm<\/p>\n<p>Nadelst\u00e4rke 4:\u00a0\u00a0\u00a0\u00a0\u00a0 22 M x 32 R = 10 x 10 cm<\/p>\n<p>Nadelst\u00e4rke 4 \u00bd:\u00a0 20 M x 30 R = 10 x 10 cm<\/p>\n<p>Nadelst\u00e4rke 5:\u00a0\u00a0\u00a0\u00a0\u00a0 18 M x 28 R = 10\u00d710 cm<\/p>\n<p><strong>Laufl\u00e4nge ca. 150-200 m per 100 g<\/strong><\/p>\n<p><strong>Maschenprobe:<\/strong><\/p>\n<p>Nadelst\u00e4rke 4: \u00a0\u00a0\u00a0\u00a020 M x 30 R = 10\u00d710 cm<\/p>\n<p>Nadelst\u00e4rke 4 \u00bd: 19 M x 28 R = 10 x 10 cm<\/p>\n<p>Nadelst\u00e4rke 5: \u00a0\u00a0\u00a0\u00a018 M x 26 R = 10\u00d710 cm<\/p>\n<p>Nadelst\u00e4rke 5 \u00bd: 17 M x 25 R = 10 x 10 cm.<\/p>\n<p>Nadelst\u00e4rke 6:\u00a0\u00a0\u00a0\u00a0\u00a0 16 M x 24 R = 10 x 10 cm<\/p>\n<p><strong>Laufl\u00e4nge ca. 110-140 m per 100 g<\/strong><\/p>\n<p><strong>Maschenprobe:<\/strong><\/p>\n<p>Nadelst\u00e4rke 6: \u00a0\u00a0\u00a0 16 M x 24 R = 10\u00d710 cm<\/p>\n<p>Nadelst\u00e4rke 6 \u00bd: 15 M x 23 R = 10 x 10 cm<\/p>\n<p>Nadelst\u00e4rke 7: \u00a0\u00a0\u00a0 14 M x 22 R = 10\u00d710 cm<\/p>\n<p>Nadelst\u00e4rke 7 \u00bd: 13 M x 21 R = 10 x 10 cm<\/p>\n<p><strong>Hinweis:<\/strong><\/p>\n<p>Frisenvangs Garn wird ohne Z\u00e4hler per Hand gesponnen, welches bedeutet, dass die Laufl\u00e4ngen nach Augenma\u00df gesch\u00e4tzt und nicht gemessen sind. Die angegebenen Laufmeter k\u00f6nnen daher nicht zu 100% garantiert werden.<\/p>\n<p>Ebenfalls k\u00f6nnen zwischen den Garnproduktionsverl\u00e4ufen nat\u00fcrliche Nuancenunterschiede in den Farben der Garne auftauchen.<\/p>\n<p>Bei Frisenvang bem\u00fchen wir uns stets Ihre Bestellung soweit wie m\u00f6glich aus gleichm\u00e4\u00dfigen Garnkn\u00e4ueln zusammenzustellen. Da die Produkte von Natur aus Unikate sind, ist es uns leider nicht m\u00f6glich Waren aufgrund von Farb- oder Laufl\u00e4ngenunterschiede zu tauschen. Jedoch gibt es einige Stricktechniken, die eventuelle Unterschiede ausgleichen &#8211; diese lassen wir ihnen selbstverst\u00e4ndlich mit ihrer Bestellung schriftlich zukommen. Weitere Ratschl\u00e4ge finden sie <a href=\"\/?page_id=20651\"><strong><u>hier<\/u><\/strong><\/a>.<\/p>\n<p>Durch Ihren Kauf von Frisenvangs Naturgarnen helfen sie, die Lebensumst\u00e4nde der Familien in den Anden-Gebirgen zu verbessern. Erfahren sie mehr <a href=\"\/?page_id=20611\"><strong><u>hier<\/u><\/strong><\/a>.<\/p>\n","protected":false},"excerpt":{"rendered":"<p>Handgesponnenes Strickgarn in einem edlem nat\u00fcrlichen Schwarz aus 100% Royal\/Baby Alpakawolle. Das schwarzes Garn besitzt seine nat\u00fcrliche Farbe und ist nicht gef\u00e4rbt.<\/p>\n<p>Handgesponnen und nach \u00f6kologischen Verfahren produziert. Die Garne werden in 100 g Kn\u00e4ueln.<\/p>\n<p>Weitere Produktinformationen finden sie weiter unten.<\/p>\n","protected":false},"featured_media":29293,"comment_status":"closed","ping_status":"closed","template":"","meta":{"wds_primary_product_brand":0,"wds_primary_product_cat":0},"product_brand":[],"product_cat":[1112,1120],"product_tag":[],"class_list":{"0":"post-20301","1":"product","2":"type-product","3":"status-publish","4":"has-post-thumbnail","6":"product_cat-alpaka-garne","7":"product_cat-ungefaerbtes-garn","9":"first","10":"instock","11":"taxable","12":"shipping-taxable","13":"purchasable","14":"product-type-variable"},"_links":{"self":[{"href":"https:\/\/www.frisenvang.com\/de\/wp-json\/wp\/v2\/product\/20301","targetHints":{"allow":["GET"]}}],"collection":[{"href":"https:\/\/www.frisenvang.com\/de\/wp-json\/wp\/v2\/product"}],"about":[{"href":"https:\/\/www.frisenvang.com\/de\/wp-json\/wp\/v2\/types\/product"}],"replies":[{"embeddable":true,"href":"https:\/\/www.frisenvang.com\/de\/wp-json\/wp\/v2\/comments?post=20301"}],"wp:featuredmedia":[{"embeddable":true,"href":"https:\/\/www.frisenvang.com\/de\/wp-json\/wp\/v2\/media\/29293"}],"wp:attachment":[{"href":"https:\/\/www.frisenvang.com\/de\/wp-json\/wp\/v2\/media?parent=20301"}],"wp:term":[{"taxonomy":"product_brand","embeddable":true,"href":"https:\/\/www.frisenvang.com\/de\/wp-json\/wp\/v2\/product_brand?post=20301"},{"taxonomy":"product_cat","embeddable":true,"href":"https:\/\/www.frisenvang.com\/de\/wp-json\/wp\/v2\/product_cat?post=20301"},{"taxonomy":"product_tag","embeddable":true,"href":"https:\/\/www.frisenvang.com\/de\/wp-json\/wp\/v2\/product_tag?post=20301"}],"curies":[{"name":"wp","href":"https:\/\/api.w.org\/{rel}","templated":true}]}}