{"id":21222,"date":"2020-10-11T06:42:03","date_gmt":"2020-10-11T05:42:03","guid":{"rendered":"https:\/\/www.frisenvang.com\/?page_id=21222"},"modified":"2020-10-15T07:14:21","modified_gmt":"2020-10-15T06:14:21","slug":"was-ist-alpakawolle-2","status":"publish","type":"page","link":"https:\/\/www.frisenvang.com\/de\/was-ist-alpakawolle-2\/","title":{"rendered":"Was ist Alpakagarn?"},"content":{"rendered":"<h1><a href=\"\/?page_id=20777\">Was ist Alpakawolle?<\/a><\/h1>\n<p>Lesen Sie mehr \u00fcber das Alpaka und welche unterschiedlichen Qualit\u00e4ten von Alpaka-Wolle erh\u00e4ltlich sind.<\/p>\n<h1><a href=\"\/?page_id=20645\" rel=\"\">Wie wird unser Garn hergestellt?<\/a><\/h1>\n<p>Lesen Sie, wie unser Garn in Peru hergestellt wird, einschlie\u00dflich wie es gereinigt, kardiert, gesponnen und von Hand gef\u00e4rbt wird.<\/p>\n","protected":false},"excerpt":{"rendered":"<p>Was ist Alpakawolle? Lesen Sie mehr \u00fcber das Alpaka und welche unterschiedlichen Qualit\u00e4ten von Alpaka-Wolle erh\u00e4ltlich sind. Wie wird unser Garn hergestellt? Lesen Sie, wie unser Garn in Peru hergestellt wird, einschlie\u00dflich wie es gereinigt, kardiert, gesponnen und von Hand gef\u00e4rbt wird.<\/p>\n","protected":false},"author":16,"featured_media":0,"parent":0,"menu_order":0,"comment_status":"closed","ping_status":"closed","template":"","meta":{"footnotes":""},"class_list":["post-21222","page","type-page","status-publish","hentry"],"_links":{"self":[{"href":"https:\/\/www.frisenvang.com\/de\/wp-json\/wp\/v2\/pages\/21222","targetHints":{"allow":["GET"]}}],"collection":[{"href":"https:\/\/www.frisenvang.com\/de\/wp-json\/wp\/v2\/pages"}],"about":[{"href":"https:\/\/www.frisenvang.com\/de\/wp-json\/wp\/v2\/types\/page"}],"author":[{"embeddable":true,"href":"https:\/\/www.frisenvang.com\/de\/wp-json\/wp\/v2\/users\/16"}],"replies":[{"embeddable":true,"href":"https:\/\/www.frisenvang.com\/de\/wp-json\/wp\/v2\/comments?post=21222"}],"version-history":[{"count":5,"href":"https:\/\/www.frisenvang.com\/de\/wp-json\/wp\/v2\/pages\/21222\/revisions"}],"predecessor-version":[{"id":21358,"href":"https:\/\/www.frisenvang.com\/de\/wp-json\/wp\/v2\/pages\/21222\/revisions\/21358"}],"wp:attachment":[{"href":"https:\/\/www.frisenvang.com\/de\/wp-json\/wp\/v2\/media?parent=21222"}],"curies":[{"name":"wp","href":"https:\/\/api.w.org\/{rel}","templated":true}]}}