{"id":20777,"date":"2020-08-16T10:08:38","date_gmt":"2020-08-16T09:08:38","guid":{"rendered":"https:\/\/www.frisenvang.com\/?page_id=20777"},"modified":"2020-11-02T17:17:50","modified_gmt":"2020-11-02T16:17:50","slug":"was-ist-alpakawolle","status":"publish","type":"page","link":"https:\/\/www.frisenvang.com\/de\/was-ist-alpakawolle\/","title":{"rendered":"Alpakawolle"},"content":{"rendered":"<p><img loading=\"lazy\" decoding=\"async\" class=\"wp-image-2719 alignright\" src=\"https:\/\/www.frisenvang.com\/wp-content\/uploads\/2013\/08\/DSC08981-300x200.jpg\" alt=\"DSC08981\" width=\"390\" height=\"260\" \/><span style=\"font-size: 110%;\"><strong>Was ist Alpakawolle?<\/strong><\/span><\/p>\n<p>Alpaka ist eine aus den s\u00fcdamerikanischen Anden stammende, domestizierte Kamelform, welches ein Wahrzeichen von Peru ist, wo \u00fcber 80% der weltweiten Alpakawolle hergestellt wird.<\/p>\n<p>Die Tiere leben in den Anden und genie\u00dfen das Leben in \u00fcber 3800 Metern H\u00f6he. In den kalten Berggebieten w\u00e4chst dem Alpaka eine dicke Wolle, die f\u00fcnfmal w\u00e4rmer als Schafswolle ist. Die kostbare und einzigartige Alpakawolle enth\u00e4lt kein Wollwachs, auch Lanolin genannt. Die Wollfasern sind sehr verschleissfest und leicht wasserabweisend, da sie nur wenig Wasser aufsaugen k\u00f6nnen. Au\u00dferdem hat die Wolle, anders als bei Schafswolle, ein geringes Gewicht, ist kratzfrei und zudem kuschelig weich.<\/p>\n<p><strong><u>Unsere Auswahl an Alpakagarnen<\/u><\/strong><\/p>\n<p>Es existieren f\u00fcnf unterschiedliche Qualit\u00e4tskategorien von Alpakawolle \u2013 Frisenvangs Produkte sind aus den hochstwertigsten Qualit\u00e4ten hergestellt:<\/p>\n<ul>\n<li><strong>Royal-Alpaka <\/strong>ist die feinste, weichste und teuerste Wollqualit\u00e4t. Nur 5-10% der Gesamtwolle eines Alpakatieres enth\u00e4lt diese Qualit\u00e4t, die auch in Frisenvangs handgesponnenen Garn enthalten ist.<\/li>\n<li><strong>Baby-Alpaka <\/strong>ist eine kuschelweiche und kostbare Qualit\u00e4t. Hingegen seines Namens ist diese Wollqualit\u00e4t sowohl bei Jungtieren als auch bei ausgewachsenen Alpakas vorhanden. Doch da die meiste Babyalpakawolle beim allerersten Scheren eines Tieres gewonnen wird, nennt man sie Baby-Alpaka.<\/li>\n<li><strong>Alpaka Fein <\/strong>ist die dritte Kategorie, welche ebenfalls sehr weich und kratzfrei ist. Die Ponchos und einige Pullover von Frisenvang sind aus 100% Alpaka Fein gestrickt.<\/li>\n<\/ul>\n<p>&nbsp;<\/p>\n<p>Frisenvangs Produkte pr\u00e4sentieren das geballte Farbenspiel von Peru. Wir haben Produkte, welche die nat\u00fcrlichen Farben der Alpakas besitzen (\u00fcber 22 verschiede Farbt\u00f6ne), wie Wei\u00df, Braun oder Schwarz. Au\u00dferdem enth\u00e4lt unser Sortiment auch kraftsprudelnde Farben, die per Hand pflanzengef\u00e4rbt wurden.<\/p>\n<p>Unsere Produkte werden von selbstst\u00e4ndigen Wollproduzenten und Kooperativen in Peru hergestellt. Lesen Sie hierzu mehr unter\u00a0<u><a href=\"https:\/\/www.frisenvang.com\/de\/guten-zweck\/\">\u00a0Der gute Zweck<\/a>\u00a0<\/u>und <a href=\"https:\/\/www.frisenvang.com\/de\/unsere-geschichte\/\" rel=\"\"><u>Unsere Geschichte<\/u><\/a>.<\/p>\n","protected":false},"excerpt":{"rendered":"<p>Was ist Alpakawolle? Alpaka ist eine aus den s\u00fcdamerikanischen Anden stammende, domestizierte Kamelform, welches ein Wahrzeichen von Peru ist, wo \u00fcber 80% der weltweiten Alpakawolle hergestellt wird. Die Tiere leben in den Anden und genie\u00dfen das Leben in \u00fcber 3800 Metern H\u00f6he. In den kalten Berggebieten w\u00e4chst dem Alpaka eine dicke Wolle, die f\u00fcnfmal w\u00e4rmer [&#8230;]\n","protected":false},"author":16,"featured_media":0,"parent":0,"menu_order":0,"comment_status":"closed","ping_status":"closed","template":"","meta":{"footnotes":""},"class_list":["post-20777","page","type-page","status-publish","hentry"],"_links":{"self":[{"href":"https:\/\/www.frisenvang.com\/de\/wp-json\/wp\/v2\/pages\/20777","targetHints":{"allow":["GET"]}}],"collection":[{"href":"https:\/\/www.frisenvang.com\/de\/wp-json\/wp\/v2\/pages"}],"about":[{"href":"https:\/\/www.frisenvang.com\/de\/wp-json\/wp\/v2\/types\/page"}],"author":[{"embeddable":true,"href":"https:\/\/www.frisenvang.com\/de\/wp-json\/wp\/v2\/users\/16"}],"replies":[{"embeddable":true,"href":"https:\/\/www.frisenvang.com\/de\/wp-json\/wp\/v2\/comments?post=20777"}],"version-history":[{"count":11,"href":"https:\/\/www.frisenvang.com\/de\/wp-json\/wp\/v2\/pages\/20777\/revisions"}],"predecessor-version":[{"id":21850,"href":"https:\/\/www.frisenvang.com\/de\/wp-json\/wp\/v2\/pages\/20777\/revisions\/21850"}],"wp:attachment":[{"href":"https:\/\/www.frisenvang.com\/de\/wp-json\/wp\/v2\/media?parent=20777"}],"curies":[{"name":"wp","href":"https:\/\/api.w.org\/{rel}","templated":true}]}}