{"id":20651,"date":"2020-07-30T10:18:35","date_gmt":"2020-07-30T09:18:35","guid":{"rendered":"https:\/\/www.frisenvang.com\/?page_id=20651"},"modified":"2020-11-04T08:22:28","modified_gmt":"2020-11-04T07:22:28","slug":"fragen-und-antworten-qa","status":"publish","type":"page","link":"https:\/\/www.frisenvang.com\/de\/fragen-und-antworten-qa\/","title":{"rendered":"Fragen und Antworten (Q&#038;A)"},"content":{"rendered":"<p>Hier finden Sie Antworten auf die am h\u00e4ufigsten gestellten Fragen. Falls sie keine passende Antwort auf Ihre Frage finden, wenden Sie sich einfach an uns per E-Mail an: mfrisenvang@os.dk \u00a0 <h3 class=\"accordion_title\"><strong>Die Alpakas und ihre Besitzer<\/strong><\/h3><div class=\"accordion\" rel=\"\"> <div class=\"accordion-item\"><a href=\"#\" class=\"accordion-title plain\"><button class=\"toggle\"><i class=\"icon-angle-down\"><\/i><\/button><span><strong>Wie oft werden die Alpakas geschoren?<\/strong><\/span><\/a><div class=\"accordion-inner\"> Das Alpaka wird nur einmal im Jahr geschoren. Die Methode ist die gleiche, die man beim Scheren der Wolle von Schafen verwendet. Da Peru die entgegensetzte Jahreszeiten von Europa hat, findet das Scheren im November statt, damit den Tieren f\u00fcr die Wintermonate rechtzeitig eine dichte und warme Wolle wachsen kann. <\/div><\/div> <div class=\"accordion-item\"><a href=\"#\" class=\"accordion-title plain\"><button class=\"toggle\"><i class=\"icon-angle-down\"><\/i><\/button><span><strong>Wie viel Garn kann aus der Wolle eines einzelnen Alpakas hergestellt werden?<\/strong><\/span><\/a><div class=\"accordion-inner\"> Im Durschnitt kann 1,6 kg Frisenvang-Garn aus der Wolle eines einzelnen Tieres produziert werden. <\/div><\/div> <div class=\"accordion-item\"><a href=\"#\" class=\"accordion-title plain\"><button class=\"toggle\"><i class=\"icon-angle-down\"><\/i><\/button><span><strong>Wie ist das Wohlergehen der Alpakas?<\/strong><\/span><\/a><div class=\"accordion-inner\">\r\n<p>Die Alpakas, die Frisenvang mit Wolle versorgen, leben friedlich in der Region Marcapata in den peruanischen Anden. W\u00e4hrend sie sich tags\u00fcber frei herum bewegen und Pflanzen fressen, begeben sie sich am Abend zur\u00fcck zu ihren Z\u00fcchtern, wo sie die Nacht gesch\u00fctzt von Raubtieren in einer Einz\u00e4unung verbringen. Auf diese Weise k\u00f6nnen die Z\u00fcchter sich regelm\u00e4\u00dfig um das Wohlergehen der Tiere vergewissern.<\/p>\r\n<p>. <\/div><\/div> <div class=\"accordion-item\"><a href=\"#\" class=\"accordion-title plain\"><button class=\"toggle\"><i class=\"icon-angle-down\"><\/i><\/button><span><strong>Wie wird die Wolle von einem Alpaka geschoren?<\/strong><\/span><\/a><div class=\"accordion-inner\"> Die Alpakas werden mit einer speziellen Schere geschoren, die man ebenso beim Scheren von Schafen verwendet. Da Peru die entgegensetzte Jahreszeiten von Europa hat, wird den Alpakas die Wolle im November geschoren, damit sie rechtzeitig f\u00fcr die Wintermonate eine dichte und warme Wolle bilden k\u00f6nnen. Das schlimmste Unbehagen, welches die Tiere erleben, ist das sie beim Scheren f\u00fcr 5-7 Minuten festgehalten werden m\u00fcssen. <\/div><\/div> <div class=\"accordion-item\"><a href=\"#\" class=\"accordion-title plain\"><button class=\"toggle\"><i class=\"icon-angle-down\"><\/i><\/button><span><strong>Wie lange dauert die Schwangerschaft bei einem Alpaka?<\/strong><\/span><\/a><div class=\"accordion-inner\"> Die Weibchen sind ab einem Alter von 18 Monaten geschlechtsreif. Eine Schwangerschaft dauert zwischen 11-13 Monate an. Die Tiere geb\u00e4ren in der Regel nur ein Fohlen zurzeit, welche meistens im Februar geboren werden. <\/div><\/div> <div class=\"accordion-item\"><a href=\"#\" class=\"accordion-title plain\"><button class=\"toggle\"><i class=\"icon-angle-down\"><\/i><\/button><span><strong>Wie viel verdienen Alpakaz\u00fcchter, wenn sie Alpakafasern an Frisenvang-Garn verkaufen?<\/strong><\/span><\/a><div class=\"accordion-inner\"> Der Preis f\u00fcr Alpakafasern wird an der B\u00f6rse festgesetzt und genie\u00dft aktuell eine hohe Nachfrage, unter anderem wegen gr\u00f6sserer Eink\u00e4ufe aus China. Dies ist ein gro\u00dfer Gewinnf\u00fcr die Alpakaz\u00fcchter, die im Gegensatz zu fr\u00fcher jetzt Wollpreise erzielen, die weit \u00fcber den Produktionskosten liegen. Einen Preis \u00fcber dem geltenden Marktpreis, welchen unser Unternehmen von Anfang an und fortw\u00e4hrend f\u00fcr das Frisenvang-Garn bezahlen wird. <\/div><\/div> <\/div> <span style=\"color: #ffffff;\">&#8211;<\/span> <h3 class=\"accordion_title\"><strong>Frisenvangs Garn - Fragen \u00fcber Produkte und Qualit\u00e4t<\/strong><\/h3><div class=\"accordion\" rel=\"\"> <div class=\"accordion-item\"><a href=\"#\" class=\"accordion-title plain\"><button class=\"toggle\"><i class=\"icon-angle-down\"><\/i><\/button><span><strong>Wie wird Frisenvang-Garn hergestellt?<\/strong><\/span><\/a><div class=\"accordion-inner\"><p>Das handgesponnene Garn von Frisenvang ist einzigartig. Es wird in einer kleinen Genossenschaft in der Region Marcapata, das in den Anden von Peru liegt, hergestellt. Die Kooperative Coopalsur besteht aus 15 talentierten Frauen, die mit gro\u00dfem Geschick unser sch\u00f6nes Garn kompakt, glatt und gleichm\u00e4\u00dfig spinnen.<\/p>\r\n<p>Die traditionelle Technik des handgesponnenen Garns wird von Generation zu Generation weitergegeben und basiert auf rein \u00f6kologischen Verarbeitungsmethoden.<\/p>\r\n<p><strong>Sortieren, Handreinigen und Waschen<\/strong><\/p>\r\n<p>Die geschorene Alpakawolle wird in drei Hauptqualit\u00e4ten sortiert: Royal, Baby und Vlies. Nur die beste Qualit\u00e4t wird f\u00fcr das Frisenvang-Garn verwendet, welche ca. 30-40% der produzierten Wolle entspricht, und besteht aus einer Kombination zwischen Royal (5-10%) und Baby (90-95%).<\/p>\r\n<p>Die Wolle wir per Hand von Kieselsteinen, \u00c4sten und Gras gereinigt \u2013 ein Prozess der pro Tier f\u00fcr eine erfahrene Handarbeiterin um die zehn Stunden dauert (und einer Menge von etwa 1,6 kg fertigen Garn entspricht).<\/p>\r\n<p>Hiernach werden die Fasern drau\u00dfen im Freien mit einem speziell f\u00fcr Alpakafasern hergestellten Waschmittel in warmem Wasser gewaschen, und anschlie\u00dfend ebenfalls drau\u00dfen getrocknet. Die Wolle kann erst dann kardiert werden, wenn sie vollst\u00e4ndig sauber und trocken ist.<\/p>\r\n<p><strong>Kardieren<\/strong><\/p>\r\n<p>Die Wolle wird in einer Kardiermaschine verarbeitet, die unter anderem daf\u00fcr sorgt, dass das Frisenvang-Garn gr\u00fcndlich kardiert und gleichm\u00e4\u00dfig gesponnen werden kann.<\/p>\r\n<p><strong>Spinnen<\/strong><\/p>\r\n<p>Der n\u00e4chste Schritt in der Verarbeitung ist das Spinnen der Wolle. S\u00e4mtliche unserer Garne bestehen aus zwei verzwirnten F\u00e4den, die zuerst als zwei separate F\u00e4den gesponnen, dann verzwirnt, und zuletzt zu Garn geb\u00fcndelt werden. Ab hier sind unsere naturfarbigen Wollgarne (Cremefarben, Schwarz, Grau und Braun) parat, um zu unserem Hauptsitz nach D\u00e4nemark geliefert zu werden.<\/p>\r\n<p><strong>Pflanzenf\u00e4rben<\/strong><\/p>\r\n<p>Eine Auswahl der Garne wird drau\u00dfen in gro\u00dfen Gef\u00e4\u00dfen mithilfe von verschiedenen Pflanzenfarben gef\u00e4rbt. Die Farben binden sich durch den Gebrauch von nat\u00fcrlichen Aluminiumsteinen und Soda gut an die Fasern fest. Hinterher wird die gef\u00e4rbte und gr\u00fcndlich gesp\u00fclte Wolle im Freien getrocknet, was sich in der Regenzeit schon einmal h\u00e4ufiger in die L\u00e4nge ziehen kann.<\/p>\r\n<p>Der letzte Teil des Produktionsprozesses findet in unserem Unternehmen Frisenvang in Kopenhagen statt, wo das Garn nach St\u00e4rke sortiert und mit einer Banderole versehen wird.<\/p><\/div><\/div> <div class=\"accordion-item\"><a href=\"#\" class=\"accordion-title plain\"><button class=\"toggle\"><i class=\"icon-angle-down\"><\/i><\/button><span><strong>Warum das Garn von Frisenvang qualitativ hochwertig ist?<\/strong><\/span><\/a><div class=\"accordion-inner\">\r\n<p>Es gibt mehrere Faktoren, die dazu beitragen, dass das Frisenvang-Garn eine hohe Qualit\u00e4t aufweist. Vor allem weil die Mitarbeiterinnen, die f\u00fcr die Verarbeitung der Wolle zust\u00e4ndig sind, jahrelange Erfahrung und traditionsreiches Geschick mit sich bringen.<\/p>\r\n<p>Des weiteren h\u00e4ngt die Qualit\u00e4t von peruanischer Alpakawolle in der Regel davon ab in welchen H\u00f6hen die Tiere leben. Unsere verwendete Wolle stammt aus Gebieten in den Anden mit einer H\u00f6he von \u00fcber 4000 m. Hier w\u00e4chst den Alpakas eine dicke und haltbare Wolle mit langen Fasern, die sehr warm, leicht wasserabweisend und temperierend ist. Dank den langen Wollfasern fusselt das Frisenvang-Garn nur in sehr geringen Ma\u00dfen.<\/p>\r\n<p>Nicht zuletzt enth\u00e4lt unser Garn exklusiv das qualitative Alpaka Royal 5-10%, das nur sehr selten in Strickgarn erh\u00e4ltlich ist. <\/div><\/div> <div class=\"accordion-item\"><a href=\"#\" class=\"accordion-title plain\"><button class=\"toggle\"><i class=\"icon-angle-down\"><\/i><\/button><span><strong>Mit wie vielen F\u00e4den wird das Frisenvang-Garn gesponnen?<\/strong><\/span><\/a><div class=\"accordion-inner\"> Alle unsere Garne bestehen aus zwei F\u00e4den. <\/div><\/div> <div class=\"accordion-item\"><a href=\"#\" class=\"accordion-title plain\"><button class=\"toggle\"><i class=\"icon-angle-down\"><\/i><\/button><span><strong>Ist das Frisenvang-Garn gef\u00e4rbt?<\/strong><\/span><\/a><div class=\"accordion-inner\"> Die naturfarbenen Garne von Frisenvang (Cremefarben, Grau, Schwarz und Braun) haben die naturechte Farbe des Alpakas, von dem die Wolle stammte. Die restlichen Garne werden mit Pflanzenfarben \u00f6kologisch gef\u00e4rbt. <\/div><\/div> <div class=\"accordion-item\"><a href=\"#\" class=\"accordion-title plain\"><button class=\"toggle\"><i class=\"icon-angle-down\"><\/i><\/button><span><strong>Wie viele Meter enth\u00e4lt ein B\u00fcndel Frisenvang-Garn?<\/strong><\/span><\/a><div class=\"accordion-inner\"> In unserem Shop bieten wir vier verschiede Garnst\u00e4rken an. In den einzelnen Produkt\u00fcbersichten finden Sie Angaben \u00fcber die St\u00e4rke und dem Laufmeter. Die angegebenen Laufmeter sind ungef\u00e4hre Richtwerte, da unser Garn handgesponnen wird und die Alpakaz\u00fcchter keine Messger\u00e4te besitzen, mit denen sie die Laufmeter des Garns exakt messen k\u00f6nnten. <\/div><\/div> <div class=\"accordion-item\"><a href=\"#\" class=\"accordion-title plain\"><button class=\"toggle\"><i class=\"icon-angle-down\"><\/i><\/button><span><strong>Ist die St\u00e4rke immer gleichm\u00e4\u00dfig von Anfang bis Ende gesponnen?<\/strong><\/span><\/a><div class=\"accordion-inner\"> Frisenvang-Garne werden ohne Z\u00e4hler gesponnen, weshalb die St\u00e4rke und der Laufmeter von den erfahrenen Mitarbeiterinnen eigenh\u00e4ndig beim Spinnen der Wolle eingesch\u00e4tzt werden <\/div><\/div> <div class=\"accordion-item\"><a href=\"#\" class=\"accordion-title plain\"><button class=\"toggle\"><i class=\"icon-angle-down\"><\/i><\/button><span><strong>Hilfreiche Tipps zum Stricken mit handgesponnenem und pflanzengef\u00e4rbtem Garn<\/strong><\/span><\/a><div class=\"accordion-inner\"> Obwohl die Garne aus derselben Produktion stammen, k\u00f6nnen die nat\u00fcrlichen und pflanzengef\u00e4rbten Garne in geringen Ma\u00dfen im Farbton und -intensit\u00e4t variieren. Besonders k\u00f6nnen Farbunterschiede vorkommen, wenn die Garne aus verschiedenen Produktionsverl\u00e4ufen stammen &#8211; daher raten wir Ihnen, die gesamte Menge Garn f\u00fcr dasselbe Strickprojekt auf einmal zu kaufen. Leider ist es oft nicht m\u00f6glich die exakt gleichen Farben nachtr\u00e4glich zu beschaffen.<\/p>\r\n<p>Frisenvang-Garn wird ohne Z\u00e4hler gesponnen, weshalb die St\u00e4rke und der Laufmeter von den erfahrenen Handarbeiterinnen eigenh\u00e4ndig beim Spinnen der Wolle eingesch\u00e4tzt werden. Daher kann es zu St\u00e4rkeunterschieden zwischen den verschiedenen Garnstr\u00e4ngen kommen, die beim Aufwickeln eines B\u00fcndels nicht immer sichtbar sind.<\/p>\r\n<p>Wenn Sie f\u00fcr eine Strickarbeit mehrere Garnstr\u00e4nge ben\u00f6tigen, raten wir Ihnen s\u00e4mtliche Str\u00e4nge aufzuwickeln bevor Sie mit dem Stricken beginnen. Auf diese Weise k\u00f6nnen Sie die Garnst\u00e4rke als auch eventuelle Farbunterschiede leichter beurteilen.<\/p>\r\n<p>Falls es wesentliche St\u00e4rke und\/oder Farbunterschiede geben sollte, empfehlen wir Ihnen mit zwei Garnb\u00fcndeln gleichzeitig zu stricken. Stricken Sie zwei Nadell\u00e4ngen mit jedem Garn und wechseln Sie auf diese Weise laufend zwischen den beiden Kn\u00e4ueln umso eventuell die Unterschiede auszugleichen.<\/p>\r\n<p>Falls die St\u00e4rkeunterschiede zu gravierend sein sollten, k\u00f6nnen Sie sich nat\u00fcrlich gerne an uns wenden und wir werden versuchen einen Garnstrang in einer passenderen St\u00e4rke zu finden. <\/div><\/div> <div class=\"accordion-item\"><a href=\"#\" class=\"accordion-title plain\"><button class=\"toggle\"><i class=\"icon-angle-down\"><\/i><\/button><span><strong>Warum das pflanzengef\u00e4rbte Garn abf\u00e4rbt?<\/strong><\/span><\/a><div class=\"accordion-inner\"> Frisenvangs Sortiment an pflanzengef\u00e4rbten Garnen ist nach \u00f6kologischen Grunds\u00e4tzen hergestellt.<\/p>\r\n<p>Die Mitarbeiterinnen verwenden keine herk\u00f6mmlichen Chemikalien, um die Farben zu binden. Stattdessen arbeiten Sie mit nat\u00fcrlichem Aluminiumstein und Soda, welche jedoch nicht so effektiv sind wie die industriel gef\u00e4rbten Garne. Daher kann es beim Stricken sowie beim ersten Waschen des Garns zu Farbflecken kommen. Es wird auch ein gewisser Farbverlust auftreten, wenn das Garn gewaschen wird. Die nat\u00fcrlichen Garnfarben (Cremefarben, Grau, Braun und Schwarz) f\u00e4rben selbstverst\u00e4ndlich nicht ab. <\/div><\/div> <div class=\"accordion-item\"><a href=\"#\" class=\"accordion-title plain\"><button class=\"toggle\"><i class=\"icon-angle-down\"><\/i><\/button><span><strong>Tipps zum Waschen von pflanzengef\u00e4rbtem Garn vor dem Stricken<\/strong><\/span><\/a><div class=\"accordion-inner\"> Waschen Sie eventuell das pflanzengef\u00e4rbte Garn, bevor Sie mit dem Stricken anfangen. Am einfachsten ist es, das gesamte Garnkn\u00e4uel zu waschen und Luft zu trocknen, und es anschlie\u00dfend wieder zum Kn\u00e4uel zu wickeln. Verwenden Sie Wollwaschmittel oder Haarshampoo und waschen Sie die Wolle in lauwarmem oder kaltem Wasser. Sorgen Sie daf\u00fcr die Wolle\/die Strickware beim Waschen nicht einweichen zu lassen. Bei der ersten W\u00e4sche k\u00f6nnen sie beim letzten Sp\u00fclen etwas Essig in das Wasser hinzuf\u00fcgen, um die Farben besser an die Wolle zu binden. Seien Sie besonders vorsichtig keine wei\u00dfe W\u00e4sche mit Ihren Pflanzengarn zu vermischen, da diese besonders leicht von Abf\u00e4rbungen betroffen ist. Dies gilt nicht f\u00fcr Kleidung, die unter den gestrickten Klamotten getragen wird. <\/div><\/div> <div class=\"accordion-item\"><a href=\"#\" class=\"accordion-title plain\"><button class=\"toggle\"><i class=\"icon-angle-down\"><\/i><\/button><span><strong>Warum varieren die Farben bei jedem Einkauf von Frisenvang-Garn?<\/strong><\/span><\/a><div class=\"accordion-inner\"> Frisenvangs Naturgarn hat die nat\u00fcrliche Farbe wie das Alpaka, von dem die Wolle stammt.<\/p>\r\n<p>Typischerweise tragen sieben bis acht Alpakas zur Lieferung von 1 kg cremefarbenem Frisenvang-Garn bei. Indem die Wolle von verschiedenen Tieren stammt, kann es zu Farbunterschieden kommen, die zwischen unterschiedlichen Produktlieferungen h\u00e4ufiger vorkommt.<\/p>\r\n<p>Die pflanzengef\u00e4rbten Garne werden von Produktion zu Produktion einzeln hergestellt und die Farben werden nach Augenmass bewertet, weshalb die Farben der pflanzengef\u00e4rbten Garne bei jeder Herstellung stark variieren k\u00f6nnen.<\/p>\r\n<p>Daher empfehlen wir Ihnen, die gesamte Menge Garn f\u00fcr eine Strickarbeit auf einmal zu kaufen. Unbenutzte und verpackte Garnb\u00fcndel k\u00f6nnen jederzeit zur\u00fcckgegeben werden. <\/div><\/div> <div class=\"accordion-item\"><a href=\"#\" class=\"accordion-title plain\"><button class=\"toggle\"><i class=\"icon-angle-down\"><\/i><\/button><span><strong>Ist Frisenvangs Garn \u00f6kologisch?<\/strong><\/span><\/a><div class=\"accordion-inner\"> Unser Garn wird nach \u00f6kologischen Grunds\u00e4tzen hergestellt, aber ist nicht \u00f6kologisch zertifiziert. Weitere Informationen finden Sie im Abschnitt: <strong>Wie wird Frisenvang-Garn hergestellt?<\/strong><\/p>\r\n<p>Die meisten Alpakaz\u00fcchter sind Analphabeten, was ein Zertifizierungsprozess erschwert. Wir konzentrieren uns zun\u00e4chst darauf, den Familien in Marcapata so viele Auftr\u00e4ge wie m\u00f6glich zu geben, damit sie ihre Arbeit fortsetzen k\u00f6nnen, um so ein besseres Leben f\u00fcr sich und ihre Kinder zu schaffen.<\/div><\/div> <div class=\"accordion-item\"><a href=\"#\" class=\"accordion-title plain\"><button class=\"toggle\"><i class=\"icon-angle-down\"><\/i><\/button><span><strong>Wie soll ich meine Strickwaren waschen?<\/strong><\/span><\/a><div class=\"accordion-inner\">Alpakawolle hat einen Selbstreinigungseffekt, so dass Strick- und H\u00e4kelarbeiten nur selten gewaschen werden m\u00fcssen. H\u00e4ngen Sie Ihre Kleidung f\u00fcr ein paar Stunden zum L\u00fcften nach drau\u00dfen, dann ist sie oft so sch\u00f6n wie frisch gewaschen.\u00a0<\/p>\r\n<p>Sollte das L\u00fcften nicht ausreichen, wird empfohlen die Wollkleidung in lauwarmem \/ kaltem Wasser zu waschen. Verwenden Sie immer geeignetes Wollwaschmittel oder Haarshampoo, das bevorzugte Mittel der Alpakaz\u00fcchter. Wollkleidung sollte immer trocken liegen, und nicht aufgeh\u00e4ngt werden, da sie ansonsten beim Trocknen aus der Form ger\u00e4t. <\/div><\/div> <\/div>","protected":false},"excerpt":{"rendered":"<p>Hier finden Sie Antworten auf die am h\u00e4ufigsten gestellten Fragen. Falls sie keine passende Antwort auf Ihre Frage finden, wenden Sie sich einfach an uns per E-Mail an: mfrisenvang@os.dk \u00a0 &#8211;<\/p>\n","protected":false},"author":16,"featured_media":0,"parent":0,"menu_order":0,"comment_status":"closed","ping_status":"closed","template":"","meta":{"footnotes":""},"class_list":["post-20651","page","type-page","status-publish","hentry"],"_links":{"self":[{"href":"https:\/\/www.frisenvang.com\/de\/wp-json\/wp\/v2\/pages\/20651","targetHints":{"allow":["GET"]}}],"collection":[{"href":"https:\/\/www.frisenvang.com\/de\/wp-json\/wp\/v2\/pages"}],"about":[{"href":"https:\/\/www.frisenvang.com\/de\/wp-json\/wp\/v2\/types\/page"}],"author":[{"embeddable":true,"href":"https:\/\/www.frisenvang.com\/de\/wp-json\/wp\/v2\/users\/16"}],"replies":[{"embeddable":true,"href":"https:\/\/www.frisenvang.com\/de\/wp-json\/wp\/v2\/comments?post=20651"}],"version-history":[{"count":15,"href":"https:\/\/www.frisenvang.com\/de\/wp-json\/wp\/v2\/pages\/20651\/revisions"}],"predecessor-version":[{"id":21859,"href":"https:\/\/www.frisenvang.com\/de\/wp-json\/wp\/v2\/pages\/20651\/revisions\/21859"}],"wp:attachment":[{"href":"https:\/\/www.frisenvang.com\/de\/wp-json\/wp\/v2\/media?parent=20651"}],"curies":[{"name":"wp","href":"https:\/\/api.w.org\/{rel}","templated":true}]}}