{"id":20648,"date":"2020-07-30T10:15:51","date_gmt":"2020-07-30T09:15:51","guid":{"rendered":"https:\/\/www.frisenvang.com\/?page_id=20648"},"modified":"2020-08-16T13:01:39","modified_gmt":"2020-08-16T12:01:39","slug":"frisenvang-vortrag","status":"publish","type":"page","link":"https:\/\/www.frisenvang.com\/de\/frisenvang-vortrag\/","title":{"rendered":"Frisenvang Vortrag"},"content":{"rendered":"<p><img loading=\"lazy\" decoding=\"async\" width=\"720\" height=\"960\" class=\"wp-image-20650 alignleft\" src=\"https:\/\/www.frisenvang.com\/wp-content\/uploads\/2019\/01\/50827967_10217630415769469_2443580359833550848_n.jpg\" alt=\"\" srcset=\"https:\/\/www.frisenvang.com\/wp-content\/uploads\/2019\/01\/50827967_10217630415769469_2443580359833550848_n.jpg 720w, https:\/\/www.frisenvang.com\/wp-content\/uploads\/2019\/01\/50827967_10217630415769469_2443580359833550848_n-510x680.jpg 510w, https:\/\/www.frisenvang.com\/wp-content\/uploads\/2019\/01\/50827967_10217630415769469_2443580359833550848_n-225x300.jpg 225w\" sizes=\"auto, (max-width: 720px) 100vw, 720px\" \/><\/p>\n<p>Marianne Frisenvang verf\u00fcgt \u00fcber langj\u00e4hrige Erfahrung als Referentin und verfasst in Zusammenarbeit mit Ihnen den spezifischen Inhalt und die Form der Vorlesung so, dass sie Ihr Publikum anspricht.<\/p>\n<p>Neben der Geschichte des nachhaltigen Projekts in Peru kann ein Vortrag Themen umfassen wie: Um als Unternehmer zu beginnen, wie man sein eigenes Projekt findet, sowie die Herausforderungen und lustigen Episoden, die entstehen, wenn man Partner auf der anderen Seite der Erde in einem Land hat, dessen Kultur sich stark von der d\u00e4nischen unterscheidet. Nat\u00fcrlich freuen wir uns, Ihnen unseren Dokumentarfilm \u00fcber die Garnherstellung in Marcapata pr\u00e4sentieren zu k\u00f6nnen. Kontaktieren Sie Marianne f\u00fcr einen weiteren Dialog \u00fcber Ihre W\u00fcnsche f\u00fcr Vortr\u00e4ge auf Handy 91544686 oder per E-Mail: mfrisenvang@os.dk<\/p>\n","protected":false},"excerpt":{"rendered":"<p>Marianne Frisenvang verf\u00fcgt \u00fcber langj\u00e4hrige Erfahrung als Referentin und verfasst in Zusammenarbeit mit Ihnen den spezifischen Inhalt und die Form der Vorlesung so, dass sie Ihr Publikum anspricht. Neben der Geschichte des nachhaltigen Projekts in Peru kann ein Vortrag Themen umfassen wie: Um als Unternehmer zu beginnen, wie man sein eigenes Projekt findet, sowie die [&#8230;]\n","protected":false},"author":16,"featured_media":0,"parent":0,"menu_order":0,"comment_status":"closed","ping_status":"closed","template":"","meta":{"footnotes":""},"class_list":["post-20648","page","type-page","status-publish","hentry"],"_links":{"self":[{"href":"https:\/\/www.frisenvang.com\/de\/wp-json\/wp\/v2\/pages\/20648","targetHints":{"allow":["GET"]}}],"collection":[{"href":"https:\/\/www.frisenvang.com\/de\/wp-json\/wp\/v2\/pages"}],"about":[{"href":"https:\/\/www.frisenvang.com\/de\/wp-json\/wp\/v2\/types\/page"}],"author":[{"embeddable":true,"href":"https:\/\/www.frisenvang.com\/de\/wp-json\/wp\/v2\/users\/16"}],"replies":[{"embeddable":true,"href":"https:\/\/www.frisenvang.com\/de\/wp-json\/wp\/v2\/comments?post=20648"}],"version-history":[{"count":3,"href":"https:\/\/www.frisenvang.com\/de\/wp-json\/wp\/v2\/pages\/20648\/revisions"}],"predecessor-version":[{"id":20833,"href":"https:\/\/www.frisenvang.com\/de\/wp-json\/wp\/v2\/pages\/20648\/revisions\/20833"}],"wp:attachment":[{"href":"https:\/\/www.frisenvang.com\/de\/wp-json\/wp\/v2\/media?parent=20648"}],"curies":[{"name":"wp","href":"https:\/\/api.w.org\/{rel}","templated":true}]}}