{"id":20645,"date":"2020-07-30T10:12:56","date_gmt":"2020-07-30T09:12:56","guid":{"rendered":"https:\/\/www.frisenvang.com\/?page_id=20645"},"modified":"2020-11-02T17:20:57","modified_gmt":"2020-11-02T16:20:57","slug":"garnproduktion","status":"publish","type":"page","link":"https:\/\/www.frisenvang.com\/de\/garnproduktion\/","title":{"rendered":"Garnproduktion"},"content":{"rendered":"<p><img loading=\"lazy\" decoding=\"async\" class=\"wp-image-21781 size-large\" src=\"https:\/\/www.frisenvang.com\/wp-content\/uploads\/2020\/10\/produktionsproces-tysk-1024x545.jpg\" alt=\"Frisenvang Garn\" width=\"1020\" height=\"543\" srcset=\"https:\/\/www.frisenvang.com\/wp-content\/uploads\/2020\/10\/produktionsproces-tysk-1024x545.jpg 1024w, https:\/\/www.frisenvang.com\/wp-content\/uploads\/2020\/10\/produktionsproces-tysk-300x160.jpg 300w, https:\/\/www.frisenvang.com\/wp-content\/uploads\/2020\/10\/produktionsproces-tysk-768x408.jpg 768w, https:\/\/www.frisenvang.com\/wp-content\/uploads\/2020\/10\/produktionsproces-tysk-1536x817.jpg 1536w, https:\/\/www.frisenvang.com\/wp-content\/uploads\/2020\/10\/produktionsproces-tysk-2048x1089.jpg 2048w, https:\/\/www.frisenvang.com\/wp-content\/uploads\/2020\/10\/produktionsproces-tysk-510x271.jpg 510w\" sizes=\"auto, (max-width: 1020px) 100vw, 1020px\" \/><\/p>\n<p><strong>Frisenvang ist ein einzigartiges handgesponnenes Garn<\/strong><\/p>\n<p>Frisenvangs Garn wird in einer kleinen Kooperative in der Region Marcapata in den Anden von Peru hergestellt. Die 15 Frauen in der Coopaalsur-Genossenschaft sind unglaublich geschickte Handwerker, die unser sch\u00f6nes Garn glatt und gleichm\u00e4\u00dfig spinnen. Die Herstellung von handgesponnenem Garn ist eine \u00fcber Generationen weitergegebene Tradition und erfolgt nach \u00f6kologischen Grunds\u00e4tzen.<\/p>\n<p><strong>Sortieren, H\u00e4ndereinigen und Waschen<\/strong><\/p>\n<p>Die Wolle wird in 3 Hauptqualit\u00e4ten sortiert; Royal, Baby und Fein. F\u00fcr Frisenvang-Garn wird nur die beste Qualit\u00e4t verwendet, die 30-40% der Wolle ausmacht. Frisenvang Garn enth\u00e4lt Royal (5-10%) und Baby (90-95%) Alpaka. Die Wolle wird von Hand auf Verunreinigungen wie Kieselsteine, \u00c4ste und Gras gereinigt. Eine ausgebildete Frau ben\u00f6tigt ca. 10 Stunden, um Wolle von einem einzigen Alpaka zu reinigen (entspricht etwa 1,6 kg fertigem Garn).<\/p>\n<p>Die Fasern m\u00fcssen dann gewaschen werden. Dies erfolgt im Freien in warmem Wasser und mit einem Waschmittel speziell f\u00fcr Alpaka-Fasern. Dann werden die Fasern getrocknet, dies geschieht ebenfalls draussen. Die Wolle muss vollst\u00e4ndig sauber und trocken sein, bevor sie kartiert werden kann.<\/p>\n<p><strong>Kartierung<\/strong><\/p>\n<p>Die Wolle wird in einem Kartierger\u00e4t kartiert. Die gr\u00fcndliche Kartierung ist unter anderem einer der Gr\u00fcnde, warum Frisenvangs Garn so gleichm\u00e4\u00dfig gesponnen werden kann.<\/p>\n<p><strong>Spinnen<\/strong><\/p>\n<p>Das Spinnen ist der n\u00e4chste Teil des Produktionsprozesses. Alle Frisenvangs-Garne bestehen aus 2 F\u00e4den und werden daher zuerst zu 2 separaten F\u00e4den gesponnen, die schliesslich zu einem Faden zusammengewickelt werden. Danach wird das Garn geb\u00fcndelt. Die Naturgarne (cremefarben, schwarz, grau und braun) k\u00f6nnen jetzt nach D\u00e4nemark geliefert werden.<\/p>\n<p>Daher ist das d\u00fcnne Garn teurer als das Dicke, da das Spinnen des Garns sehr zeitaufwendig ist und die Zeit, die f\u00fcr das fertige Produkt aufgewendet wird, h\u00e4ngt stark von der Dicke des zu spinnenden Garns ab. Wir haben uns daher entschlossen, unsere Preise f\u00fcr das Garn nach Garnst\u00e4rke zu differenzieren.<\/p>\n<p><strong>Pflanzlich F\u00e4rben<\/strong><\/p>\n<p>Wenn das Garn gef\u00e4rbt werden soll, geschieht dies in gro\u00dfen Gef\u00e4ssen im Freien. F\u00fcr Frisenvangs Garn werden Pflanzenfarben verwendet. Die Farben werden mit nat\u00fcrlichen Aluminiumsteinen und Soda gebunden. Die gef\u00e4rbte und gr\u00fcndlich gesp\u00fclte Wolle wird im Freien getrocknet, was in der Regenzeit h\u00e4ufig witterungsbedingt verz\u00f6gert wird.<\/p>\n<p>Der letzte Teil des Produktionsprozesses findet bei Frisenvang in Br\u00f8nsh\u00f8j statt, wo das Garn nach St\u00e4rken sortiert und mit einem Banner versehen wird.<\/p>\n<p><strong>Preise<\/strong><\/p>\n<p>Die Preise von Frisenvang Garn werden entsprechend der Garnst\u00e4rke angesetzt.<\/p>\n<p>Das d\u00fcnne Garn ist teurer als das Dicke Das Spinnen des Garns ist sehr zeitaufwendig und die Zeit, die f\u00fcr das fertige Produkt aufgewendet wird, h\u00e4ngt stark von der Dicke des zu spinnenden Garns ab. Wir haben uns daher entschlossen, unsere Preise f\u00fcr das Garn nach St\u00e4rke zu differenzieren.<\/p>\n","protected":false},"excerpt":{"rendered":"<p>Frisenvang ist ein einzigartiges handgesponnenes Garn Frisenvangs Garn wird in einer kleinen Kooperative in der Region Marcapata in den Anden von Peru hergestellt. Die 15 Frauen in der Coopaalsur-Genossenschaft sind unglaublich geschickte Handwerker, die unser sch\u00f6nes Garn glatt und gleichm\u00e4\u00dfig spinnen. Die Herstellung von handgesponnenem Garn ist eine \u00fcber Generationen weitergegebene Tradition und erfolgt nach [&#8230;]\n","protected":false},"author":16,"featured_media":0,"parent":0,"menu_order":0,"comment_status":"closed","ping_status":"closed","template":"","meta":{"footnotes":""},"class_list":["post-20645","page","type-page","status-publish","hentry"],"_links":{"self":[{"href":"https:\/\/www.frisenvang.com\/de\/wp-json\/wp\/v2\/pages\/20645","targetHints":{"allow":["GET"]}}],"collection":[{"href":"https:\/\/www.frisenvang.com\/de\/wp-json\/wp\/v2\/pages"}],"about":[{"href":"https:\/\/www.frisenvang.com\/de\/wp-json\/wp\/v2\/types\/page"}],"author":[{"embeddable":true,"href":"https:\/\/www.frisenvang.com\/de\/wp-json\/wp\/v2\/users\/16"}],"replies":[{"embeddable":true,"href":"https:\/\/www.frisenvang.com\/de\/wp-json\/wp\/v2\/comments?post=20645"}],"version-history":[{"count":9,"href":"https:\/\/www.frisenvang.com\/de\/wp-json\/wp\/v2\/pages\/20645\/revisions"}],"predecessor-version":[{"id":21852,"href":"https:\/\/www.frisenvang.com\/de\/wp-json\/wp\/v2\/pages\/20645\/revisions\/21852"}],"wp:attachment":[{"href":"https:\/\/www.frisenvang.com\/de\/wp-json\/wp\/v2\/media?parent=20645"}],"curies":[{"name":"wp","href":"https:\/\/api.w.org\/{rel}","templated":true}]}}