{"id":20058,"date":"2020-10-15T07:20:23","date_gmt":"2020-10-15T06:20:23","guid":{"rendered":"https:\/\/www.frisenvang.com\/?page_id=20058"},"modified":"2020-11-02T17:23:11","modified_gmt":"2020-11-02T16:23:11","slug":"unsere-geschichte","status":"publish","type":"page","link":"https:\/\/www.frisenvang.com\/de\/unsere-geschichte\/","title":{"rendered":"Unsere Geschichte"},"content":{"rendered":"<p><strong>Eine Reise in das zauberhafte Peru <\/strong><\/p>\n<p>Um den Zugang zu authentischen Wollprodukten aus S\u00fcdamerika zu erleichtern, wurde in 2014 das selbst\u00e4ndige Unternehmen <em>Frisenvang<\/em>gegr\u00fcndet. Unsere Produkte kombinieren peruanisches Handwerk mit dem skandinavischen Modestil und pr\u00e4sentieren damit das Beste aus zwei weit verschieden Welten.<\/p>\n<p>Peru ist ein spektakul\u00e4res Paradies der Farben. Mit seiner wundersch\u00f6nen Landschaft, ist dieses s\u00fcdamerikanische Land die Heimat einer traditionsreichen Handwerkskunst, die von Generation zu Generation weitergegeben wird, und einer lebensfrohen Bev\u00f6lkerung, die sich durch Gastfreundschaft kennzeichnet. All jene Facetten spiegeln sich wider in den einzigartigen Produkten, die wir hier bei Frisenvang anbieten.<\/p>\n<p>W\u00e4hrend unser besonderer Stolz der nachhaltigen und handgesponnen Alpakawolle gilt, so bietet unser Online Shop auch gewebte Alpaka-Wollprodukte und Strickwaren unserer Eigenmarke Frisenvang an.<\/p>\n<p>Das Alpaka \u2013 ein putziges, aber auch etwas ulkig aussehendes Tier &#8211; ist selbstverst\u00e4ndlich ein wesentlicher Teil unseres Logos. Die fabelhafte Qualit\u00e4t ihrer Wolle merken sie sp\u00e4testens sobald sie eines unserer Produkte zwischen den H\u00e4nden sp\u00fcren \u2013 und bis dahin erfahren Sie mehr \u00fcber die Alpakas auf unserer Seite <strong>\u201e<a href=\"https:\/\/www.frisenvang.com\/de\/guten-zweck\/\">Der gute Zweck<\/a>\u201c<\/strong>.<\/p>\n<p><img loading=\"lazy\" decoding=\"async\" class=\"wp-image-20059 aligncenter\" src=\"https:\/\/www.frisenvang.com\/wp-content\/uploads\/2019\/01\/IMG_5546-e1548418392764.jpg\" alt=\"\" width=\"576\" height=\"384\" srcset=\"https:\/\/www.frisenvang.com\/wp-content\/uploads\/2019\/01\/IMG_5546-e1548418392764.jpg 700w, https:\/\/www.frisenvang.com\/wp-content\/uploads\/2019\/01\/IMG_5546-e1548418392764-510x340.jpg 510w\" sizes=\"auto, (max-width: 576px) 100vw, 576px\" \/><\/p>\n<p>&nbsp;<\/p>\n<p><strong>Wir sind Frisenvang<\/strong><\/p>\n<p>Inhaberin unseres Unternehmens ist die erfahrene Marketingmanagerin Marianne Frisenvang. Die Alleinunternehmerin wird dabei von Familie, Freunden und treuen Kunden unterst\u00fctzt, die ihr bei der allt\u00e4glichen Arbeit und beim Verkauf auf M\u00e4rkten und Veranstaltungen tatkr\u00e4ftig zur Hand gehen.<\/p>\n<p>Das Ziel von Frisenvang ist es die F\u00f6rderung und die Entwicklung des Verkaufs von Qualit\u00e4tsprodukten zu erm\u00f6glichen. Weitere Informationen hierzu finden Sie auf unserer Seite <strong>\u201e<a href=\"https:\/\/www.frisenvang.com\/de\/guten-zweck\/\">der gute Zweck<\/a>\u201c<\/strong>.<\/p>\n<p>Deshalb haben wir uns daf\u00fcr entschieden auf teure Marketingmassnahmen zu verzichten, und beschr\u00e4nken uns daher auf unseren guten Ruf, die sozialen Medien und verwenden ausschlie\u00dflich Freunde und Familien als Models f\u00fcr unsere Website. Unser Motto lautet: Einfach und pers\u00f6nlich soll es sein!<\/p>\n<p><img loading=\"lazy\" decoding=\"async\" class=\"wp-image-20060 aligncenter\" src=\"https:\/\/www.frisenvang.com\/wp-content\/uploads\/2020\/04\/IMG_0626-scaled.jpg\" alt=\"\" width=\"399\" height=\"599\" srcset=\"https:\/\/www.frisenvang.com\/wp-content\/uploads\/2020\/04\/IMG_0626-scaled.jpg 1707w, https:\/\/www.frisenvang.com\/wp-content\/uploads\/2020\/04\/IMG_0626-200x300.jpg 200w, https:\/\/www.frisenvang.com\/wp-content\/uploads\/2020\/04\/IMG_0626-683x1024.jpg 683w, https:\/\/www.frisenvang.com\/wp-content\/uploads\/2020\/04\/IMG_0626-768x1152.jpg 768w, https:\/\/www.frisenvang.com\/wp-content\/uploads\/2020\/04\/IMG_0626-1024x1536.jpg 1024w, https:\/\/www.frisenvang.com\/wp-content\/uploads\/2020\/04\/IMG_0626-1365x2048.jpg 1365w, https:\/\/www.frisenvang.com\/wp-content\/uploads\/2020\/04\/IMG_0626-510x765.jpg 510w\" sizes=\"auto, (max-width: 399px) 100vw, 399px\" \/><\/p>\n","protected":false},"excerpt":{"rendered":"<p>Eine Reise in das zauberhafte Peru Um den Zugang zu authentischen Wollprodukten aus S\u00fcdamerika zu erleichtern, wurde in 2014 das selbst\u00e4ndige Unternehmen Frisenvanggegr\u00fcndet. Unsere Produkte kombinieren peruanisches Handwerk mit dem skandinavischen Modestil und pr\u00e4sentieren damit das Beste aus zwei weit verschieden Welten. Peru ist ein spektakul\u00e4res Paradies der Farben. Mit seiner wundersch\u00f6nen Landschaft, ist dieses [&#8230;]\n","protected":false},"author":16,"featured_media":0,"parent":0,"menu_order":0,"comment_status":"closed","ping_status":"open","template":"","meta":{"footnotes":""},"class_list":["post-20058","page","type-page","status-publish","hentry"],"_links":{"self":[{"href":"https:\/\/www.frisenvang.com\/de\/wp-json\/wp\/v2\/pages\/20058","targetHints":{"allow":["GET"]}}],"collection":[{"href":"https:\/\/www.frisenvang.com\/de\/wp-json\/wp\/v2\/pages"}],"about":[{"href":"https:\/\/www.frisenvang.com\/de\/wp-json\/wp\/v2\/types\/page"}],"author":[{"embeddable":true,"href":"https:\/\/www.frisenvang.com\/de\/wp-json\/wp\/v2\/users\/16"}],"replies":[{"embeddable":true,"href":"https:\/\/www.frisenvang.com\/de\/wp-json\/wp\/v2\/comments?post=20058"}],"version-history":[{"count":5,"href":"https:\/\/www.frisenvang.com\/de\/wp-json\/wp\/v2\/pages\/20058\/revisions"}],"predecessor-version":[{"id":21853,"href":"https:\/\/www.frisenvang.com\/de\/wp-json\/wp\/v2\/pages\/20058\/revisions\/21853"}],"wp:attachment":[{"href":"https:\/\/www.frisenvang.com\/de\/wp-json\/wp\/v2\/media?parent=20058"}],"curies":[{"name":"wp","href":"https:\/\/api.w.org\/{rel}","templated":true}]}}